{"id":380,"date":"2018-01-28T10:04:39","date_gmt":"2018-01-28T09:04:39","guid":{"rendered":"http:\/\/mkpbelgium.org\/wie-zijn-wij\/"},"modified":"2020-01-29T17:58:02","modified_gmt":"2020-01-29T16:58:02","slug":"wie-zijn-wij","status":"publish","type":"page","link":"https:\/\/mkpbelgium.org\/nl\/wie-zijn-wij\/","title":{"rendered":"Wie zijn wij?"},"content":{"rendered":"<p>[et_pb_section fb_built=&#8221;1&#8243; admin_label=&#8221;section&#8221; _builder_version=&#8221;3.22&#8243;][et_pb_row admin_label=&#8221;row&#8221; _builder_version=&#8221;3.25&#8243; background_size=&#8221;initial&#8221; background_position=&#8221;top_left&#8221; background_repeat=&#8221;repeat&#8221;][et_pb_column type=&#8221;4_4&#8243; _builder_version=&#8221;3.25&#8243; custom_padding=&#8221;|||&#8221; custom_padding__hover=&#8221;|||&#8221;][et_pb_image src=&#8221;http:\/\/mkpbelgium.org\/wp-content\/uploads\/2020\/01\/mankindcover.jpg&#8221; _builder_version=&#8221;4.1&#8243;][\/et_pb_image][\/et_pb_column][\/et_pb_row][et_pb_row column_structure=&#8221;2_5,3_5&#8243; admin_label=&#8221;row&#8221; _builder_version=&#8221;3.25&#8243; background_size=&#8221;initial&#8221; background_position=&#8221;top_left&#8221; background_repeat=&#8221;repeat&#8221; custom_padding=&#8221;28px|||||&#8221;][et_pb_column type=&#8221;2_5&#8243; _builder_version=&#8221;3.25&#8243; custom_padding=&#8221;|||&#8221; custom_padding__hover=&#8221;|||&#8221;][et_pb_image src=&#8221;http:\/\/mkpbelgium.org\/wp-content\/uploads\/2019\/12\/LogoMKPbilingue-1-510&#215;382-300&#215;225-1.jpg&#8221; align=&#8221;center&#8221; _builder_version=&#8221;4.1&#8243;][\/et_pb_image][\/et_pb_column][et_pb_column type=&#8221;3_5&#8243; _builder_version=&#8221;3.25&#8243; custom_padding=&#8221;|||&#8221; custom_padding__hover=&#8221;|||&#8221;][et_pb_text admin_label=&#8221;Text&#8221; _builder_version=&#8221;3.27.4&#8243; background_size=&#8221;initial&#8221; background_position=&#8221;top_left&#8221; background_repeat=&#8221;repeat&#8221; custom_padding=&#8221;||0px|||&#8221;]<\/p>\n<h2>Wie zijn wij?<\/h2>\n<p dir=\"ltr\">Wij zijn een groep mannen, allen lid van \u201cManKind Project Belgium\u201d, \u00a0een vereniging zonder winstoogmerk (vzw) met als belangrijkste doel het ontwikkelen van leiderschap, emotionele intelligentie en integriteit bij zijn leden.<\/p>\n<p dir=\"ltr\">Wij organiseren trainingen, hoofdzakelijk in Belgi\u00eb, en ondersteunen een uitgebreid nationaal netwerk van mannengroepen. We helpen mannen om te groeien in hun kracht vertrekkend van hun persoonlijke missie in de wereld. Sedert mei 2016 zijn we georganiseerd als VZW. We zijn ook opgenomen als regio van MKP International.<\/p>\n<p dir=\"ltr\">Centraal in de activiteiten van MKP staat<span>\u00a0<\/span><em><strong>het Initiatie-Avontuur van de Nieuwe Krijger (IANK)<\/strong><\/em>. Deze training is toegankelijk voor elke man die meer wenst te leren over zichzelf, en zijn grenzen wil verleggen.\u00a0 Wereldwijd hebben meer dan 60.000 mannen dit avontuur beleeft.<\/p>\n<p>[\/et_pb_text][et_pb_text admin_label=&#8221;Text&#8221; _builder_version=&#8221;4.1&#8243; background_size=&#8221;initial&#8221; background_position=&#8221;top_left&#8221; background_repeat=&#8221;repeat&#8221; custom_padding=&#8221;||0px|||&#8221; hover_enabled=&#8221;0&#8243;]<\/p>\n<h2>Onze missie is, om elke man te helpen :<\/h2>\n<ul>\n<li style=\"text-align: justify;\">een integer leven te leiden, verantwoordelijkheid te nemen en in contact te zijn met zijn emoties.<\/li>\n<li style=\"text-align: justify;\">contact met zijn mannelijkheid terug te laten vinden.<\/li>\n<\/ul>\n<p>[\/et_pb_text][\/et_pb_column][\/et_pb_row][et_pb_row column_structure=&#8221;2_3,1_3&#8243; admin_label=&#8221;row&#8221; _builder_version=&#8221;3.25&#8243; background_size=&#8221;initial&#8221; background_position=&#8221;top_left&#8221; background_repeat=&#8221;repeat&#8221; custom_padding=&#8221;28px|||||&#8221;][et_pb_column type=&#8221;2_3&#8243; _builder_version=&#8221;3.25&#8243; custom_padding=&#8221;|||&#8221; custom_padding__hover=&#8221;|||&#8221;][et_pb_text admin_label=&#8221;Text&#8221; _builder_version=&#8221;4.1&#8243; background_size=&#8221;initial&#8221; background_position=&#8221;top_left&#8221; background_repeat=&#8221;repeat&#8221; custom_padding=&#8221;||0px|||&#8221;]<\/p>\n<h3>De begintijd van het New Warrior Network<\/h3>\n<p><strong>1982<\/strong>: Bill Kauth, Ron Hering en Rich Tosi \u2013 die op het punt staan de stichters te worden van MKP \u2013 krijgen een klik bij het aanhoren van een interview met<span>\u00a0<\/span><a href=\"http:\/\/www.robertbly.com\/\" target=\"_blank\" rel=\"noopener noreferrer\">Robert Bly<\/a>\u2026<\/p>\n<p>Our dads could not give us what we needed, so women raised us and we can\u2019t learn about manhood from women, so we have got to learn about manhood from each other. (Onze vaders hebben ons niet kunnen geven wat we nodig hebben. Wij zijn opgevoed door vrouwen bij wie we niets konden aanleren over mannelijkheid. We zullen dus elkaar moeten opvoeden wat dat betreft.)<\/p>\n<p>Het was voor hen duidelijk dat er geen betekenisvolle overgangsrituelen tot de mannelijkheid meer zijn, en dit al generaties lang.<\/p>\n<p><strong>1984<\/strong>: Het begin van uitwisselingen over het cre\u00ebren van een transformatieproces voor mannen. Hieruit ontstond \u2018een training\u2019 met als hoofddoel: beslissen op basis van passie (passioneel beslissen). Cre\u00eber een daadwerkelijk mannelijk initiatieritueel met een tweevoudig doel: een gemeenschap cre\u00ebren, en individu\u00ebn bekrachtigen.<\/p>\n<p><strong>1985<\/strong>: Het eerste<span>\u00a0<\/span><em>Wildman Weekend<\/em><span>\u00a0<\/span>vindt plaats. Bly suggereert dat<span>\u00a0<\/span><em>de wildeman<\/em><span>\u00a0<\/span>geen goed beeld weergeeft van het weekend, waarop de naam<span>\u00a0<\/span><i>New Warrior Training Adventure (NWTA)\/Initiatie-Avontuur van de Nieuwe Krijger (IANK)<\/i><span>\u00a0<\/span>aangenomen werd.<\/p>\n<h3>De integratie na het weekend<\/h3>\n<p><strong>1986<\/strong>:De impact van het IANK-weekend is van dien aard, dat drie tot zes maanden nodig zijn om de nieuw opgedane kennis te integreren in het leven van alledag. Hoe sneller de contacten tussen deze mannen, hoe dichter in de tijd, des te sneller zal hun integratie zich volmaken.<\/p>\n<p>Uit deze dubbele vaststelling ontstond het idee van integratiegroepen of i-groepen, gespreks- en werkgroepen. Dit sloeg onmiddellijk aan.<\/p>\n<h3>E\u00e9n missie : de essentie van mannelijkheid<\/h3>\n<p><strong>1995<\/strong>: Na bijeenkomst van de<span>\u00a0<\/span><i>uitvoerende raad<\/i><span>\u00a0<\/span>te Windsor (Canada) wordt op initiatief van Bill Kauth een missie aangekondigd : \u201cWe are an order of men called to reclaim the sacred masculine, for our time, through initiation, training and action in the world.\u201d (\u201cWij zijn een groep mannen die zich geroepen voelen om gezegende, toegewijde mannelijkheid opnieuw op de kaart te zetten, en toegankelijk te maken voor deze tijden, door initiatierituelen, opleiding en concrete actie overal ter wereld.\u201d) Deze missie wordt het centraal thema dat elke actie van het New Warrior Network zal aansturen.<\/p>\n<h3>Een nieuwe verwezenlijking: The Mankind Project \u2122<\/h3>\n<p><strong>1998<\/strong>: Een nieuwe stap wordt gezet om zich aan te passen aan een maatschappij in beweging: de naam wordt gewijzigd naam New Warrior Network wordt gewijzigd naar een naam die minder stereotypeert. De keuze gaat unaniem naar The Mankind Project. Het accent wordt hierdoor verlegd naar nieuwe mogelijkheden tot ontwikkeling, vooral op basis van het Internet en het internationaal karakter die de organisatie ondertussen had gekregen.<\/p>\n<h3>De Belgische gemeenschap<\/h3>\n<p><strong>1995-2000<\/strong>: Fransmannen steken het Kanaal en de Atlantische Oceaan over voor een IANK-weekend.<\/p>\n<p><strong>1999<\/strong>: Ontstaan van de Franse afdeling :<span>\u00a0<\/span><em>Homme Etc.<\/em><\/p>\n<p><strong>September 2001:<span>\u00a0<\/span><\/strong>Eerste tweetalige weekend georganiseerd in Engeland met deelname van vijftien Franse mannen.<\/p>\n<p><strong>Oktober 2002<\/strong>: Eerste week-end wordt georganiseerd in Frankrijk.<\/p>\n<p><strong>2004<\/strong>:<span>\u00a0<\/span><em>Homme Etc.<\/em><span>\u00a0<\/span>wordt<span>\u00a0<\/span><em>MKP Europe francophone<\/em><span>\u00a0<\/span>(MKP-EF).<\/p>\n<p><strong>2008<\/strong>: Vier week-ends per jaar worden er georganiseerd in Frankrijk.<\/p>\n<p><b>Avril 2011<\/b>: Eerste IANK in Belgi\u00eb<\/p>\n<p><strong>September 2015<\/strong>: Eerste tweetalig (NL\/FR) IANK<\/p>\n<p><strong>2016<\/strong>: oprichting van de VZW &#8220;ManKind Project Belgium&#8221;<\/p>\n<p><strong>Septembre 2020<\/strong>: Eerste nederlandstalig initiatie-avontuur<\/p>\n<p>Sedertdien heeft MKP EF zich verder ontwikkeld, en vandaag de dag worden er 6 IANK\u2019s per jaar georganiseerd in Frankrijk, en er zijn meer dan 2700 leden. MKP EF is de moederorganisatie an MKP BE: ze heeft de eerste IANK-traningen helpen organiseren in Belgi\u00eb, en vervolgens heeft ze de aan de Belgische leden toegelaten om hun autonomie in handen te nemen, en hun eigen nationale vereniging te stichten (in 2016). Ze draagt bij om een sterk Belgisch leiderschap te laten ontstaan.<\/p>\n<p>MKP BE geniet van de onvoorwaardelijke steun die de vereniging blijft krijgen van de Franstalige MKP EF tijdens zijn verdere bloei.<\/p>\n<p>[\/et_pb_text][\/et_pb_column][et_pb_column type=&#8221;1_3&#8243; _builder_version=&#8221;3.25&#8243; custom_padding=&#8221;|||&#8221; custom_padding__hover=&#8221;|||&#8221;][et_pb_image src=&#8221;http:\/\/mkpbelgium.org\/wp-content\/uploads\/2019\/12\/vic-1-150&#215;150-1.jpg&#8221; align=&#8221;center&#8221; _builder_version=&#8221;4.1&#8243;][\/et_pb_image][\/et_pb_column][\/et_pb_row][\/et_pb_section]<\/p>\n","protected":false},"excerpt":{"rendered":"<p>Wie zijn wij? Wij zijn een groep mannen, allen lid van \u201cManKind Project Belgium\u201d, \u00a0een vereniging zonder winstoogmerk (vzw) met als belangrijkste doel het ontwikkelen van leiderschap, emotionele intelligentie en integriteit bij zijn leden. Wij organiseren trainingen, hoofdzakelijk in Belgi\u00eb, en ondersteunen een uitgebreid nationaal netwerk van mannengroepen. We helpen mannen om te groeien in [&hellip;]<\/p>\n","protected":false},"author":12,"featured_media":0,"parent":0,"menu_order":0,"comment_status":"closed","ping_status":"open","template":"","meta":{"_et_pb_use_builder":"on","_et_pb_old_content":"<h2>About Mankind Project Belgium<\/h2>\r\n\r\nNous sommes des hommes, membres de \u201cThe ManKind Project Belgium\u201d, une association sans but lucratif, dont l\u2019objet principal est le d\u00e9veloppement du leadership, de l\u2019intelligence \u00e9motionnelle et de l\u2019int\u00e9grit\u00e9.<\/p>\r\n<p dir=\"ltr\">L'association a pour but de contribuer \u00e0 cr\u00e9er un monde fraternel et solidaire en vivant ses valeurs: responsabilit\u00e9, int\u00e9grit\u00e9, leadership et travail personnel, authenticit\u00e9 et de connexion aux\u00a0autres.<\/p>\r\n<p dir=\"ltr\">Au centre de l'activit\u00e9 du MKP se trouve l'Aventure initiatique du Nouveau Guerrier (AING). Ce stage est accessible \u00e0 tout homme qui souhaite en apprendre plus sur lui-m\u00eame et explorer \u00e0 cette fin ses propres limites. Dans le monde, plus de 55'000 hommes ont v\u00e9cu cette aventure.<\/p>\r\n\r\n<h2>Venez nous rencontrer !<\/h2>\r\n\r\nNous organisons apr\u00e8s chaque week-end d\u2019Aventure Initiatique du Nouveau Guerrier une r\u00e9union o\u00f9 vous pourrez rencontrer les hommes venant d\u2019y participer et \u00e9couter leur t\u00e9moignage. Cette rencontre est ouverte \u00e0 tous et chacun a la possibilit\u00e9 de s\u2019exprimer. (Lien vers l'agenda)\r\n\r\nVous \u00eates les bienvenus!\r\n\r\n\u00a0","_et_gb_content_width":"","footnotes":""},"simple-restrict-permission":[],"class_list":["post-380","page","type-page","status-publish","hentry"],"_links":{"self":[{"href":"https:\/\/mkpbelgium.org\/nl\/wp-json\/wp\/v2\/pages\/380","targetHints":{"allow":["GET"]}}],"collection":[{"href":"https:\/\/mkpbelgium.org\/nl\/wp-json\/wp\/v2\/pages"}],"about":[{"href":"https:\/\/mkpbelgium.org\/nl\/wp-json\/wp\/v2\/types\/page"}],"author":[{"embeddable":true,"href":"https:\/\/mkpbelgium.org\/nl\/wp-json\/wp\/v2\/users\/12"}],"replies":[{"embeddable":true,"href":"https:\/\/mkpbelgium.org\/nl\/wp-json\/wp\/v2\/comments?post=380"}],"version-history":[{"count":0,"href":"https:\/\/mkpbelgium.org\/nl\/wp-json\/wp\/v2\/pages\/380\/revisions"}],"wp:attachment":[{"href":"https:\/\/mkpbelgium.org\/nl\/wp-json\/wp\/v2\/media?parent=380"}],"wp:term":[{"taxonomy":"simple-restrict-permission","embeddable":true,"href":"https:\/\/mkpbelgium.org\/nl\/wp-json\/wp\/v2\/simple-restrict-permission?post=380"}],"curies":[{"name":"wp","href":"https:\/\/api.w.org\/{rel}","templated":true}]}}