{"id":3709,"date":"2020-01-19T18:39:44","date_gmt":"2020-01-19T17:39:44","guid":{"rendered":"http:\/\/mkpbelgium.org\/?page_id=3709"},"modified":"2020-02-03T10:44:32","modified_gmt":"2020-02-03T09:44:32","slug":"disclaimer","status":"publish","type":"page","link":"https:\/\/mkpbelgium.org\/nl\/disclaimer\/","title":{"rendered":"Disclaimer"},"content":{"rendered":"\n\n\n[et_pb_section fb_built=&#8221;1&#8243; _builder_version=&#8221;4.1&#8243;][et_pb_row column_structure=&#8221;1_2,1_2&#8243; _builder_version=&#8221;4.1&#8243;][et_pb_column type=&#8221;1_2&#8243; _builder_version=&#8221;4.1&#8243;][et_pb_text _builder_version=&#8221;4.1&#8243; hover_enabled=&#8221;0&#8243;]<h2 style=\"text-align: center;\">Conditions g\u00e9n\u00e9rales d\u2019utilisation du site internet Mankind Project Belgium<\/h2>\n[\/et_pb_text][\/et_pb_column][et_pb_column type=&#8221;1_2&#8243; _builder_version=&#8221;4.1&#8243;][et_pb_text _builder_version=&#8221;4.1&#8243; hover_enabled=&#8221;0&#8243;]<h2 style=\"text-align: center;\">Algemene voorwaarden<\/h2>\n[\/et_pb_text][\/et_pb_column][\/et_pb_row][et_pb_row column_structure=&#8221;1_2,1_2&#8243; _builder_version=&#8221;4.1&#8243;][et_pb_column type=&#8221;1_2&#8243; _builder_version=&#8221;4.1&#8243;][et_pb_text _builder_version=&#8221;4.1&#8243; hover_enabled=&#8221;0&#8243;]<h3>Pr\u00e9ambule<\/h3>\n<p style=\"text-align: justify;\"><span>Ces conditions g\u00e9n\u00e9rales d\u2019utilisation ainsi que toutes les autres r\u00e8gles et restrictions pr\u00e9sent\u00e9es sur ce site internet s\u2019appliquent \u00e0 vous lorsque vous visitez ou utilisez le site internet. En acc\u00e9dant \u00e0 ce site internet, vous reconnaissez que vous avez lu et accept\u00e9 int\u00e9gralement les pr\u00e9sentes conditions d\u2019utilisation. Si vous n\u2019\u00eates pas d\u2019accord avec ces conditions d\u2019utilisation ou que vous \u00e9mettez des r\u00e9serves, nous vous demandons de ne pas visiter ou utiliser ce site internet.<\/span><\/p>\n[\/et_pb_text][\/et_pb_column][et_pb_column type=&#8221;1_2&#8243; _builder_version=&#8221;4.1&#8243;][et_pb_text _builder_version=&#8221;4.1&#8243; hover_enabled=&#8221;0&#8243;]<h2>Woord vooraf<\/h2>\n<p>De algemene gebruiksvoorwaarden alsook alle op deze internetsite aangehaalde regels en beperkingen zijn voor u van toepassing zodra u deze internetsite bezoekt of gebruikt. Door zich toegang te verschaffen tot deze internetsite erkent u dat u de gebruiksvoorwaarden volledig gelezen en aanvaard hebt. Indien u het met deze gebruiksvoorwaarden niet eens bent of terughoudend bent dan vragen we u deze internetsite niet langer te bezoeken of te gebruiken.<\/p>\n[\/et_pb_text][\/et_pb_column][\/et_pb_row][et_pb_row column_structure=&#8221;1_2,1_2&#8243; _builder_version=&#8221;4.1&#8243;][et_pb_column type=&#8221;1_2&#8243; _builder_version=&#8221;4.1&#8243;][et_pb_text _builder_version=&#8221;4.1&#8243;]<h3 style=\"text-align: justify;\">Domaine d\u2019applicationLes pr\u00e9sentes conditions g\u00e9n\u00e9rales d\u2019utilisation sont r\u00e9gies \u00e0 tous \u00e9gards par la loi belge.<\/h3>\n<p style=\"text-align: justify;\"><span>Ce site internet est mis en ligne sous la responsabilit\u00e9 de l\u2019association sans but lucratif \u201cThe Mankind Project Belgium\u201d, en abr\u00e9g\u00e9 \u201cMKP BE\u201d, dont le si\u00e8ge social se situe Rue des Compagnons 46 \u00e0 1030 Schaerbeek, Belgique, num\u00e9ro d\u2019entreprise BE0654826610 , e-mail : info@mkpbelgium.org Les termes \u00ab nous \u00bb, \u00ab notre \u00bb, et \u00ab MKP BE\u00bb, se rapportent \u00e0 l\u2019association MKP BE. \u201cL\u2019utilisateur\u201d ou \u201cVous\u201d se r\u00e9f\u00e8re \u00e0 toute personne utilisant ou\u00a0faisant utiliser le site internet. Les termes \u00ab ce site \u00bb, \u00ab ce site internet \u00bb, ou \u00ab le pr\u00e9sent site \u00bb se rapportent au site http:\/\/www.mkpbelgium.org. MKP BE se r\u00e9serve le droit de modifier ces conditions d\u2019utilisation \u00e0 tout moment, en en publiant une copie r\u00e9vis\u00e9e sur ce site internet, et vous acceptez que chaque visite de ce site soit soumise aux conditions d\u2019utilisation actualis\u00e9es. Par cons\u00e9quent, vous devrez v\u00e9rifier ces conditions d\u2019utilisation p\u00e9riodiquement avant d\u2019utiliser ce site internet.<\/span><\/p>[\/et_pb_text][\/et_pb_column][et_pb_column type=&#8221;1_2&#8243; _builder_version=&#8221;4.1&#8243;][et_pb_text _builder_version=&#8221;4.1&#8243;]<h2 style=\"text-align: justify;\">Toepassingsgebied<\/h2>\n<p style=\"text-align: justify;\">De huidige algemene gebruiksvoorwaarden zijn onderworpen aan en worden ge\u00efnterpreteerd volgens de Belgische wetten.<br \/>Deze website werd op het net geplaatst onder de verantwoordelijkheid van de vereniging zonder winstoogmerk \u201cMankind Project Belgium\u201d, afgekort \u201cMKP BE\u201d, waarvan de maatschappelijke zetel zich bevindt in de Gezellenstraat 46 te 1030 Schaarbeek, Belgi\u00eb.<br \/>Ondernemingsnummer 0 654 826 610 ,<br \/>e-mail: info@mkpbelgium.org<br \/>De termen \u201cwij\u201d, \u201conze\u201d en \u201cMKP BE\u201d hebben betrekking op de vzw Mankind Project Belgium.<br \/>\u201cDe gebruiker\u201d of \u201cU\u201d verwijst naar elke persoon die deze website gebruikt of doet gebruiken. De termen \u201cdeze site\u201d, \u201cdeze website\u201d of \u201cde onderhavige site\u201d hebben betrekking op de site http:\/\/www.mkpbelgium.org.<br \/>MKP BE behoudt op elk ogenblik het recht om deze gebruiksvoorwaarden te wijzigen door er de aangepaste versie van te publiceren op deze site en u aanvaardt dat bij elk bezoek aan deze site de geactualiseerde gebruiksvoorwaarden geldig zijn. Bijgevolg moet u deze gebruiksvoorwaarden regelmatig nagaan alvorens deze site te bezoeken of te gebruiken.<\/p>[\/et_pb_text][\/et_pb_column][\/et_pb_row][et_pb_row column_structure=&#8221;1_2,1_2&#8243; _builder_version=&#8221;4.1&#8243;][et_pb_column type=&#8221;1_2&#8243; _builder_version=&#8221;4.1&#8243;][et_pb_text _builder_version=&#8221;4.1&#8243;]<h3>Droit d\u2019utilisation de ce site internet<\/h3>\n<p style=\"text-align: justify;\"><span>MKP BE vous accorde le droit non exclusif, incessible et limit\u00e9 de visite et d\u2019utilisation de ce site internet et de certains documents prot\u00e9g\u00e9s par le droit d\u2019auteur et le droit de la propri\u00e9t\u00e9 intellectuelle (y compris, mais sans s\u2019y limiter, de photographies, graphiques, logos, marques et autres renseignements exclusifs fournis sur ce site), \u00e0 condition de respecter pleinement les pr\u00e9sentes conditions g\u00e9n\u00e9rales d\u2019utilisation. Vous vous engagez \u00e0 utiliser ce site et son contenu uniquement \u00e0 des fins licites, personnelles, non commerciales, et d\u2019information. Sauf autorisation explicite, vous ne pouvez reproduire, distribuer, modifier, copier, publier, afficher, transmettre, adapter, t\u00e9l\u00e9charger, cr\u00e9er des travaux d\u00e9riv\u00e9s, afficher ou exploiter de quelque mani\u00e8re ce site internet ou le contenu de ce site de quelque mani\u00e8re que ce soit, ou pour toute objectif.<\/span><\/p>[\/et_pb_text][\/et_pb_column][et_pb_column type=&#8221;1_2&#8243; _builder_version=&#8221;4.1&#8243;][et_pb_text _builder_version=&#8221;4.1&#8243;]<h2>Het recht om deze site te gebruiken.<\/h2>\n<p>MKP BE verleent u het niet-exclusieve, niet overdraagbare en beperkte recht op bezoek en gebruik van deze site en een aantal documenten beschermd door het auteursrecht en intellectueel eigendom (inclusief, maar niet beperkt tot, foto\u2019s, afbeeldingen, logo\u2019s, handelsmerken en andere merkgebonden informatie op deze website), op voorwaarde dat u volledig voldoet aan deze gebruiksvoorwaarden.<br \/>U gaat akkoord om deze site en de inhoud ervan enkel voor legale en voor persoonlijke en niet-commerci\u00eble doeleinden en informatie te gebruiken.<br \/>Behalve met uitdrukkelijke toestemming, mag u deze website of de inhoud van deze website op welke wijze dan ook niet reproduceren, verspreiden, wijzigen, kopi\u00ebren, publiceren, vertonen, doorsturen, aanpassen, downloaden, of afgeleide werken ervan cre\u00ebren en vertonen en benutten.<\/p>[\/et_pb_text][\/et_pb_column][\/et_pb_row][et_pb_row column_structure=&#8221;1_2,1_2&#8243; _builder_version=&#8221;4.1&#8243;][et_pb_column type=&#8221;1_2&#8243; _builder_version=&#8221;4.1&#8243;][et_pb_text _builder_version=&#8221;4.1&#8243;]<h3>Comptes utilisateurs personnels<\/h3>\n<p><span>Certaines zones de ce site sont accessibles uniquement apr\u00e8s avoir introduit un identifiant et un mot de passe valid\u00e9 par MKP BE. Sans autorisation explicite de MKP BE, il vous est formellement interdit d\u2019acc\u00e9der ou de tenter d\u2019acc\u00e9der \u00e0 ces zones.<\/span><\/p>[\/et_pb_text][\/et_pb_column][et_pb_column type=&#8221;1_2&#8243; _builder_version=&#8221;4.1&#8243;][et_pb_text _builder_version=&#8221;4.1&#8243;]<h2>Zones met persoonlijke toegang.<\/h2>\n<p>Bepaalde delen van deze site zijn enkel toegankelijk na invoer van een door MKP BE gevalideerde gebruikersnaam en paswoord. Zonder expliciete toelating van MKP BE is het formeel verboden zich op deze zones te begeven of te trachten toegang te verwerven tot deze zones.<\/p>[\/et_pb_text][\/et_pb_column][\/et_pb_row][et_pb_row column_structure=&#8221;1_2,1_2&#8243; _builder_version=&#8221;4.1&#8243;][et_pb_column type=&#8221;1_2&#8243; _builder_version=&#8221;4.1&#8243;][et_pb_text _builder_version=&#8221;4.1&#8243;]<h3>Propri\u00e9t\u00e9 intellectuelle<\/h3>\n<p><span>Ce site internet est prot\u00e9g\u00e9 par le droit d\u2019auteur comme une \u0153uvre collective telle que d\u00e9finie dans le code de droit \u00e9conomique \u2013 Livre XI et est la propri\u00e9t\u00e9 de l\u2019association MKP BE. Toute reproduction, distribution, modification, copie, publication, affichage, adaptation, cr\u00e9ation de produits d\u00e9riv\u00e9s ou transmission de tout le contenu du pr\u00e9sent site est interdite.<\/span><\/p>[\/et_pb_text][\/et_pb_column][et_pb_column type=&#8221;1_2&#8243; _builder_version=&#8221;4.1&#8243;][et_pb_text _builder_version=&#8221;4.1&#8243;]<h2>Intellectueel eigendom<\/h2>\n<p>Deze website is auteursrechtelijk beschermd als een collectief werk in de zin van het Wetboek van Economisch Recht \u2013 Boek XI en is eigendom van MKP BE. Elke reproductie, verspreiding, wijziging, kopie, publicatie, vertoning, aanpassing, het maken van afgeleide werken of de overdracht van enige inhoud van deze site is verboden.<\/p>[\/et_pb_text][\/et_pb_column][\/et_pb_row][et_pb_row column_structure=&#8221;1_2,1_2&#8243; _builder_version=&#8221;4.1&#8243;][et_pb_column type=&#8221;1_2&#8243; _builder_version=&#8221;4.1&#8243;][et_pb_text _builder_version=&#8221;4.1&#8243;]<h3>Exactitude de l\u2019information<\/h3>\n<p><span>MKP BE cherche \u00e0 fournir des informations pr\u00e9cises et compl\u00e8tes sur ses activit\u00e9s, et actualis\u00e9es sur son site internet. MKP BE ne garantit pas que l\u2019information sur le pr\u00e9sent site soit compl\u00e8te ou exempte d\u2019erreur.<\/span><\/p>[\/et_pb_text][\/et_pb_column][et_pb_column type=&#8221;1_2&#8243; _builder_version=&#8221;4.1&#8243;][et_pb_text _builder_version=&#8221;4.1&#8243;]<h2>Intellectueel eigendom<\/h2>\n<p>Deze website is auteursrechtelijk beschermd als een collectief werk in de zin van het Wetboek van Economisch Recht \u2013 Boek XI en is eigendom van MKP BE. Elke reproductie, verspreiding, wijziging, kopie, publicatie, vertoning, aanpassing, het maken van afgeleide werken of de overdracht van enige inhoud van deze site is verboden.<\/p>[\/et_pb_text][\/et_pb_column][\/et_pb_row][et_pb_row column_structure=&#8221;1_2,1_2&#8243; _builder_version=&#8221;4.1&#8243;][et_pb_column type=&#8221;1_2&#8243; _builder_version=&#8221;4.1&#8243;][et_pb_text _builder_version=&#8221;4.1&#8243;]<h3>Propri\u00e9t\u00e9 intellectuelle<\/h3>\n<p><span>Ce site internet est prot\u00e9g\u00e9 par le droit d\u2019auteur comme une \u0153uvre collective telle que d\u00e9finie dans le code de droit \u00e9conomique \u2013 Livre XI et est la propri\u00e9t\u00e9 de l\u2019association MKP BE. Toute reproduction, distribution, modification, copie, publication, affichage, adaptation, cr\u00e9ation de produits d\u00e9riv\u00e9s ou transmission de tout le contenu du pr\u00e9sent site est interdite.<\/span><\/p>[\/et_pb_text][\/et_pb_column][et_pb_column type=&#8221;1_2&#8243; _builder_version=&#8221;4.1&#8243;][et_pb_text _builder_version=&#8221;4.1&#8243;]<h2>Nauwkeurigheid van de informatie<\/h2>\n<p>De informatie aanwezig op deze website werd met de grootste zorg samengesteld. MKP BE is niet in staat om de volledigheid en de juistheid ervan te garanderen en is niet verantwoordelijk voor eender welke mogelijke fout die zich op deze website zou bevinden.<\/p>[\/et_pb_text][\/et_pb_column][\/et_pb_row][et_pb_row column_structure=&#8221;1_2,1_2&#8243; _builder_version=&#8221;4.1&#8243;][et_pb_column type=&#8221;1_2&#8243; _builder_version=&#8221;4.1&#8243;][et_pb_text _builder_version=&#8221;4.1&#8243;]<h3>Liens vers d\u2019autres sites internet et\/ou d\u2019autres contenus accessibles en ligne<\/h3>\n<p><span>Des hyperliens peuvent appara\u00eetre sur ce site et peuvent \u00eatre utilis\u00e9s afin d\u2019acc\u00e9der \u00e0 des sites internet tiers. MKP BE n\u2019a aucun contr\u00f4le sur les sites internet ou contenus li\u00e9s, leurs informations, services ou contenus et ne fournit ni garantie ni approbation \u00e0 cet \u00e9gard. Si vous y acc\u00e9dez, vous le faites \u00e0 vos propres risques.<\/span><\/p>[\/et_pb_text][\/et_pb_column][et_pb_column type=&#8221;1_2&#8243; _builder_version=&#8221;4.1&#8243;][et_pb_text _builder_version=&#8221;4.1&#8243;]<h2>Links naar andere sites en\/of andere inhoud die online beschikbaar is.<\/h2>\n<p>Hyperlinks kunnen voorkomen op deze site en kunnen worden gebruikt om toegang te krijgen tot sites van derden. MKP BE heeft geen enkele controle over de sites of de inhoud eraan gekoppeld, hun informatie, of diensten en levert geen enkele garantie of goedkeuring in dit verband. Als u er naartoe gaat, doet u dit op eigen risico.<\/p>[\/et_pb_text][\/et_pb_column][\/et_pb_row][et_pb_row column_structure=&#8221;1_2,1_2&#8243; _builder_version=&#8221;4.1&#8243;][et_pb_column type=&#8221;1_2&#8243; _builder_version=&#8221;4.1&#8243;][et_pb_text _builder_version=&#8221;4.1&#8243;]<h3>Responsabilit\u00e9 de l\u2019utilisateur<\/h3>\n<p><span>Les syst\u00e8mes, mat\u00e9riels et logiciels permettant l\u2019acc\u00e8s et l\u2019utilisation de ce site internet restent \u00e0 votre charge et vous \u00eates donc l\u2019unique responsable du fonctionnement de votre \u00e9quipement et de votre acc\u00e8s internet. Il est de votre responsabilit\u00e9 de prendre toutes les mesures appropri\u00e9es permettant de prot\u00e9ger votre syst\u00e8me informatique, les logiciels que vous utilisez, et vos donn\u00e9es.<\/span><\/p>[\/et_pb_text][\/et_pb_column][et_pb_column type=&#8221;1_2&#8243; _builder_version=&#8221;4.1&#8243;][et_pb_text _builder_version=&#8221;4.1&#8243;]<h2>Verantwoordelijkheid van de gebruiker<\/h2>\n<p>Systemen, hardware en software voor de toegang tot en het gebruik van deze site zijn te uwen laste, u bent dus als enige zelf verantwoordelijk voor de werking van uw apparatuur en uw internettoegang. Het is ook uw verantwoordelijkheid om alle nodige maatregelen te nemen om uw computer, de software die u gebruikt, en uw gegevens te beschermen.<\/p>[\/et_pb_text][\/et_pb_column][\/et_pb_row][et_pb_row column_structure=&#8221;1_2,1_2&#8243; _builder_version=&#8221;4.1&#8243;][et_pb_column type=&#8221;1_2&#8243; _builder_version=&#8221;4.1&#8243;][et_pb_text _builder_version=&#8221;4.1&#8243;]<h3>Clauses limitatives de responsabilit\u00e9<\/h3>\n<p><span>La lecture et la consultation du contenu de ce site se fait \u00e0 vos propres risques. Ce site internet est fourni \u201ctel quel\u201d, sans garantie d\u2019aucune sorte, explicite ou implicite.\u00a0Ni MKP BE, ni aucun de ses fournisseurs de services, ou de leurs directeurs, administrateurs, webmasters ou b\u00e9n\u00e9voles, n\u2019offrent aucune garantie que ce soit, y compris, et sans limitation de dur\u00e9e, de garantie de qualit\u00e9, d\u2019adaptation \u00e0 un but particulier, de pr\u00e9cision, de disponibilit\u00e9 du site web, de non\u2010 interruption.\u00a0Dans la mesure autoris\u00e9e par la loi, MKP BE n\u2019est pas responsable des dommages directs, ou indirects de quelque nature que ce soit, li\u00e9s \u00e0 l\u2019utilisation ou \u00e0 l\u2019incapacit\u00e9 d\u2019utiliser le pr\u00e9sent site internet. Cette limitation de responsabilit\u00e9 s\u2019applique, sans limitation, \u00e0 toute blessure ou dommages r\u00e9sultant de toutes erreurs, interruption, omission, suppression ou autres pertes de donn\u00e9es, d\u2019un retard de fonctionnement ou de transmission, perte de performance, virus informatique, corruption de fichiers, r\u00e9seau ou syst\u00e8me en panne, ou vol, destruction, acc\u00e8s non autoris\u00e9.<\/span><\/p>[\/et_pb_text][\/et_pb_column][et_pb_column type=&#8221;1_2&#8243; _builder_version=&#8221;4.1&#8243;][et_pb_text _builder_version=&#8221;4.1&#8243;]<h2>Aansprakelijkheidsbeperking<\/h2>\n<p>Het lezen en het bekijken van de inhoud van deze site is op eigen risico. Deze site wordt verstrekt \u201cas is\u201d, zonder enige vorm van garantie, expliciet of impliciet.<br \/>Noch MKP BE noch een van haar dienstverleners of directeurs, bestuurders, webmasters of vrijwilligers, bieden de minste garantie betreffende de kwaliteit, de juistheid de beschikbaarheid van de website noch van ononderbroken dienstverlening en dit zonder tijdslimiet.<br \/>Voor zover toegestaan door de wet is MKP BE niet verantwoordelijk voor enige directe of indirecte schade van welke aard dan ook, voortvloeiende uit het gebruik van de site of de onmogelijkheid om deze site te gebruiken. Deze beperking van aansprakelijkheid geldt onder andere en zonder zich hiertoe te beperken tot letsel of schade als gevolg van een fout, onderbreking, weglating, verwijdering of ander gegevensverlies, vertraging in verrichtingen of transmissie, verlies van prestaties, computervirussen, corrupte bestanden, netwerk- of systeemfalen of diefstal, vernieling, ongeoorloofde toegang.<\/p>[\/et_pb_text][\/et_pb_column][\/et_pb_row][et_pb_row column_structure=&#8221;1_2,1_2&#8243; _builder_version=&#8221;4.1&#8243;][et_pb_column type=&#8221;1_2&#8243; _builder_version=&#8221;4.1&#8243;][\/et_pb_column][et_pb_column type=&#8221;1_2&#8243; _builder_version=&#8221;4.1&#8243;][et_pb_text _builder_version=&#8221;4.1&#8243;]<h2>Voor mensen die zich inschrijven via een formulier:<\/h2>\n<p>U stemt ermee in volledige en actueel gehouden informatie te verstrekken wanneer u zich inschrijft via een formulier bij MKP BE. Zo niet wordt uw inschrijving ongeldig en \/ of niet-ontvankelijk verklaard en MKP BE behoudt zich het recht voor om uw deelname te schrappen.<\/p>\n<ul>\n<li>Persoonlijke levenssfeer<\/li>\n<\/ul>\n<p>We houden een databank bij met de persoonlijke gegevens die de bezoekers meedelen wanneer zij zich registreren of een document invullen<br \/> De behandeling van de gegevens met een persoonlijk karakter met betrekking tot deze site zijn onderhevig aan de Belgische federale wetgeving en aan de Verordening (EU) 2016\/679 van het Europees Parlement en de Raad van 27 april 2016.<\/p>\n<ul>\n<li>Bedoeling<\/li>\n<\/ul>\n<p>De gegevens die worden opgetekend tijdens een vraag om inlichtingen of bij het abonneren op de newsletter of bij het inschrijven voor een activiteit worden enkel gebruikt voor het versturen van een antwoord, of van de newsletter of voor de organisatie van de activiteit door MKP BE.<\/p>\n<ul>\n<li>Recht op toegang en verbetering<\/li>\n<\/ul>\n<p>U heeft recht op toegang tot en verbetering van de persoonsgegevens<\/p>\n<ul>\n<li>Overdracht aan derden<\/li>\n<\/ul>\n<p>Uw persoonsgegevens worden nooit ter beschikking gesteld van derden en evenmin gebruikt met commerci\u00eble doeleinden.<\/p>[\/et_pb_text][\/et_pb_column][\/et_pb_row][et_pb_row column_structure=&#8221;1_2,1_2&#8243; _builder_version=&#8221;4.1&#8243;][et_pb_column type=&#8221;1_2&#8243; _builder_version=&#8221;4.1&#8243;][et_pb_text _builder_version=&#8221;4.1&#8243;]<h3>R\u00e9solution des litiges<\/h3>\n<p><span>En cas de litige concernant ces conditions g\u00e9n\u00e9rales d\u2019utilisation, vous et MKP BE acceptez d\u2019utiliser toutes les possibilit\u00e9s permettant de r\u00e9gler un diff\u00e9rend \u00e0 l\u2019amiable. Si la tentative de r\u00e9solution \u00e0 l\u2019amiable d\u2019un diff\u00e9rend \u00e9choue, vous et MKP BE \u00eates d\u2019accord pour tenter une r\u00e9solution par la voie de la m\u00e9diation. En cas d\u2019\u00e9chec d\u2019une m\u00e9diation, seuls les cours et tribunaux de Bruxelles sont comp\u00e9tents pour conna\u00eetre de tout litige concernant l\u2019application ou l\u2019interpr\u00e9tation des pr\u00e9sentes conditions d\u2019utilisation.<\/span><\/p>[\/et_pb_text][\/et_pb_column][et_pb_column type=&#8221;1_2&#8243; _builder_version=&#8221;4.1&#8243;][et_pb_text _builder_version=&#8221;4.1&#8243;]<h2>Geschillenbeslechting<\/h2>\n<p>In geval van een geschil in verband met de algemene gebruiksvoorwaarden, zijn u en MKP BE bereid alles in het werk te stellen om tot een minnelijke schikking te komen. Indien de poging tot minnelijke schikking mislukt zijn u en MKP BE bereid een oplossing voor een geschil te zoeken via bemiddeling. Indien ook de bemiddeling mislukt zijn enkel de rechtbanken van Brussel bevoegd voor jurisdictie over elk geschil betreffende de toepassing of de interpretatie van deze gebruiksvoorwaarden.<\/p>[\/et_pb_text][\/et_pb_column][\/et_pb_row][\/et_pb_section]\n\n\n","protected":false},"excerpt":{"rendered":"<p>Conditions g\u00e9n\u00e9rales d\u2019utilisation du site internet Mankind Project Belgium Algemene voorwaarden Pr\u00e9ambule Ces conditions g\u00e9n\u00e9rales d\u2019utilisation ainsi que toutes les autres r\u00e8gles et restrictions pr\u00e9sent\u00e9es sur ce site internet s\u2019appliquent \u00e0 vous lorsque vous visitez ou utilisez le site internet. En acc\u00e9dant \u00e0 ce site internet, vous reconnaissez que vous avez lu et accept\u00e9 int\u00e9gralement [&hellip;]<\/p>\n","protected":false},"author":12,"featured_media":0,"parent":0,"menu_order":0,"comment_status":"closed","ping_status":"closed","template":"","meta":{"_et_pb_use_builder":"on","_et_pb_old_content":"","_et_gb_content_width":"","footnotes":""},"simple-restrict-permission":[],"class_list":["post-3709","page","type-page","status-publish","hentry"],"_links":{"self":[{"href":"https:\/\/mkpbelgium.org\/nl\/wp-json\/wp\/v2\/pages\/3709","targetHints":{"allow":["GET"]}}],"collection":[{"href":"https:\/\/mkpbelgium.org\/nl\/wp-json\/wp\/v2\/pages"}],"about":[{"href":"https:\/\/mkpbelgium.org\/nl\/wp-json\/wp\/v2\/types\/page"}],"author":[{"embeddable":true,"href":"https:\/\/mkpbelgium.org\/nl\/wp-json\/wp\/v2\/users\/12"}],"replies":[{"embeddable":true,"href":"https:\/\/mkpbelgium.org\/nl\/wp-json\/wp\/v2\/comments?post=3709"}],"version-history":[{"count":0,"href":"https:\/\/mkpbelgium.org\/nl\/wp-json\/wp\/v2\/pages\/3709\/revisions"}],"wp:attachment":[{"href":"https:\/\/mkpbelgium.org\/nl\/wp-json\/wp\/v2\/media?parent=3709"}],"wp:term":[{"taxonomy":"simple-restrict-permission","embeddable":true,"href":"https:\/\/mkpbelgium.org\/nl\/wp-json\/wp\/v2\/simple-restrict-permission?post=3709"}],"curies":[{"name":"wp","href":"https:\/\/api.w.org\/{rel}","templated":true}]}}