{"id":8140,"date":"2026-03-25T21:59:12","date_gmt":"2026-03-25T20:59:12","guid":{"rendered":"https:\/\/mkpbelgium.org\/?page_id=8140"},"modified":"2026-04-17T15:11:12","modified_gmt":"2026-04-17T13:11:12","slug":"aing-rainbow","status":"publish","type":"page","link":"https:\/\/mkpbelgium.org\/fr\/aing-rainbow\/","title":{"rendered":"AING Rainbow"},"content":{"rendered":"<p>[et_pb_section fb_built=&#8221;1&#8243; _builder_version=&#8221;4.25.0&#8243; _module_preset=&#8221;default&#8221; global_colors_info=&#8221;{}&#8221;][et_pb_row _builder_version=&#8221;4.25.0&#8243; _module_preset=&#8221;default&#8221; custom_margin=&#8221;|auto|-25px|auto||&#8221; custom_padding=&#8221;13px|||||&#8221; global_colors_info=&#8221;{}&#8221;][et_pb_column type=&#8221;4_4&#8243; _builder_version=&#8221;4.25.0&#8243; _module_preset=&#8221;default&#8221; global_colors_info=&#8221;{}&#8221;][et_pb_text _builder_version=&#8221;4.25.0&#8243; _module_preset=&#8221;default&#8221; text_font_size=&#8221;31px&#8221; text_line_height=&#8221;2em&#8221; global_colors_info=&#8221;{}&#8221;]<\/p>\n<h1 style=\"font-weight: 400;\"><strong>\u00ab\u00a0AING Rainbow\u00a0\u00bb: de quoi s\u2019agit-il\u00a0?<\/strong><\/h1>\n<p>[\/et_pb_text][\/et_pb_column][\/et_pb_row][et_pb_row column_structure=&#8221;1_3,1_3,1_3&#8243; _builder_version=&#8221;4.25.0&#8243; _module_preset=&#8221;default&#8221; global_colors_info=&#8221;{}&#8221;][et_pb_column type=&#8221;1_3&#8243; _builder_version=&#8221;4.25.0&#8243; _module_preset=&#8221;default&#8221; global_colors_info=&#8221;{}&#8221;][et_pb_button button_url=&#8221;https:\/\/mkpbelgium.org\/fr\/nwta-rainbow\/&#8221; url_new_window=&#8221;on&#8221; button_text=&#8221;English version : click here&#8221; _builder_version=&#8221;4.25.0&#8243; _module_preset=&#8221;default&#8221; custom_button=&#8221;on&#8221; button_text_color=&#8221;#000000&#8243; button_bg_color=&#8221;#EDF000&#8243; global_colors_info=&#8221;{}&#8221;][\/et_pb_button][\/et_pb_column][et_pb_column type=&#8221;1_3&#8243; _builder_version=&#8221;4.25.0&#8243; _module_preset=&#8221;default&#8221; global_colors_info=&#8221;{}&#8221;][\/et_pb_column][et_pb_column type=&#8221;1_3&#8243; _builder_version=&#8221;4.25.0&#8243; _module_preset=&#8221;default&#8221; global_colors_info=&#8221;{}&#8221;][et_pb_button button_url=&#8221;https:\/\/mkpbelgium.org\/nl\/iank-rainbow\/&#8221; url_new_window=&#8221;on&#8221; button_text=&#8221;Nederlandse versie : klik here&#8221; _builder_version=&#8221;4.25.0&#8243; _module_preset=&#8221;default&#8221; custom_button=&#8221;on&#8221; button_text_color=&#8221;#000000&#8243; button_bg_color=&#8221;#EDF000&#8243; global_colors_info=&#8221;{}&#8221;][\/et_pb_button][\/et_pb_column][\/et_pb_row][et_pb_row _builder_version=&#8221;4.25.0&#8243; _module_preset=&#8221;default&#8221; global_colors_info=&#8221;{}&#8221;][et_pb_column type=&#8221;4_4&#8243; _builder_version=&#8221;4.25.0&#8243; _module_preset=&#8221;default&#8221; global_colors_info=&#8221;{}&#8221;][et_pb_text _builder_version=&#8221;4.25.0&#8243; _module_preset=&#8221;default&#8221; text_font=&#8221;&#8211;et_global_body_font||||||||&#8221; text_font_size=&#8221;18px&#8221; text_line_height=&#8221;2em&#8221; global_colors_info=&#8221;{}&#8221;]<\/p>\n<p><span>L\u2019AING Rainbow de juin 2026 en Belgique est une Aventure l\u00e9g\u00e8rement diff\u00e9rente \u00e0 destination des personnes GBTQIA+ et s\u2019inscrit dans une longue exp\u00e9rience d\u2019AING sp\u00e9cifiques appel\u00e9es AING Gateways. \u00a0<\/span><span><strong>D\u00e9couvrez ici les ressources pour en savoir plus, pour assister \u00e0 nos cercles de paroles et aux soir\u00e9es d\u2019information, pour s\u2019inscrire, etc\u2026<\/strong><\/span><\/p>\n<p style=\"font-weight: 400;\">[\/et_pb_text][et_pb_image src=&#8221;https:\/\/mkpbelgium.org\/wp-content\/uploads\/2026\/03\/Rainbow.jpg&#8221; title_text=&#8221;Rainbow&#8221; align=&#8221;center&#8221; _builder_version=&#8221;4.25.0&#8243; _module_preset=&#8221;default&#8221; global_colors_info=&#8221;{}&#8221;][\/et_pb_image][et_pb_text _builder_version=&#8221;4.25.0&#8243; _module_preset=&#8221;default&#8221; text_font_size=&#8221;18px&#8221; text_line_height=&#8221;2em&#8221; global_colors_info=&#8221;{}&#8221;]<\/p>\n<p style=\"font-weight: 400;\"><strong><span>A quoi \u0153uvre le MKP\u00a0?<\/span><\/strong><\/p>\n<p style=\"font-weight: 400;\"><em><span>Le ManKind Project (MKP) a pour ambition de cr\u00e9er un monde meilleur, plus s\u00fbr, plus solidaire ; pour nous-m\u00eames, pour ceux qui nous sont chers et pour les g\u00e9n\u00e9rations \u00e0 venir.<\/span><\/em><\/p>\n<p style=\"font-weight: 400;\"><em><span>Chaque personne est unique \u2013 notre vision est de transformer le monde, une personne \u00e0 la fois. <\/span><\/em><\/p>\n<p style=\"font-weight: 400;\"><strong><span>Une valeur forte\u00a0: la DIVERSITE\u00a0<\/span><\/strong><\/p>\n<p style=\"font-weight: 400;\"><em><span>Conscients de l\u2019importance de vivre en harmonie avec des gens diff\u00e9rents de nous, nous d\u00e9passons les fronti\u00e8res que dressent la croyance \u00e0 la sup\u00e9riorit\u00e9 de certaines classes, le racisme, le sexisme ou les LGBTphobies. Nous faisons l\u2019effort de nous comprendre mutuellement et nous c\u00e9l\u00e9brons nos diff\u00e9rences<\/span><\/em><\/p>\n<p style=\"font-weight: 400;\"><strong><span>L\u2019engagement du MKP en faveur de l\u2019inclusivit\u00e9\u00a0:<\/span><\/strong><\/p>\n<p style=\"font-weight: 400;\"><span>Les d\u00e9clarations pr\u00e9c\u00e9dentes affirment notre engagement en faveur de l&#8217;inclusivit\u00e9 pour accueillir toutes les personnes dans leur diversit\u00e9. Historiquement, l\u2019Aventure Initiatique des Nouveaux Guerriers (AING) qui est la porte d&#8217;entr\u00e9e au MKP, avait \u00e9t\u00e9 cr\u00e9\u00e9 pour les hommes. Dans une volont\u00e9 d\u2019inclusivit\u00e9, l\u2019AING est maintenant ouverte aux hommes cis- et transgenres et aux personnes Non Binaires et intersexes. <\/span><\/p>\n<p style=\"font-weight: 400;\"><span>De plus, depuis plus de 20 ans, \u00e0 l\u2019initiative des USA, nous encourageons la cr\u00e9ation de portes d&#8217;entr\u00e9e sp\u00e9cifiques au MKP : des AING <em>GATEWAYS<\/em>. Ces AING compl\u00e9mentaires sont l\u00e9g\u00e8rement adapt\u00e9es pour r\u00e9pondre aux besoins particuliers de groupes de personnes minoritaires. <\/span><\/p>\n<p style=\"font-weight: 400;\"><strong><span>Pourquoi le MKP propose-t-il des Aventures diff\u00e9rentes\u00a0?<\/span><\/strong><\/p>\n<p style=\"font-weight: 400;\"><span>Afin d\u2019offrir une exp\u00e9rience d&#8217;initiation puissante au plus grand nombre, le MKP s\u2019engage \u00e0 accueillir des groupes de personnes ayant des parcours et des besoins diff\u00e9rents. En effet, nous avons compris que des membres de groupes minoritaires pourraient h\u00e9siter \u00e0 venir aux Aventures par manque de confiance et de s\u00e9curit\u00e9 per\u00e7ue, en termes d&#8217;accessibilit\u00e9 physique, d\u2019identit\u00e9 de genre et de sexualit\u00e9, de disparit\u00e9s \u00e9conomiques et d&#8217;autres diff\u00e9rences culturelles. Ces pr\u00e9occupations sont souvent associ\u00e9es \u00e0 des ant\u00e9c\u00e9dents de discrimination, d\u2019exclusion, d\u2019isolement et d\u2019oppression. <\/span><\/p>\n<p style=\"font-weight: 400;\"><span>Pour le MKP, l&#8217;inclusivit\u00e9 est li\u00e9e \u00e0 l&#8217;acceptation et \u00e0 la c\u00e9l\u00e9bration de la diff\u00e9rence. Inclusif ne veut pas dire homog\u00e8ne. Afin de proposer des portes d\u2019entr\u00e9e alternatives, le MKP cr\u00e9e des espaces de travail adapt\u00e9s \u00e0 ces diff\u00e9rents groupes, leur procurant un plus grand sentiment de libert\u00e9 de parole, de compr\u00e9hension et de s\u00e9curit\u00e9. Le fait que l\u2019\u00e9quipe d\u2019organisation soit compos\u00e9e de personnes qui leur ressemblent cr\u00e9e une possibilit\u00e9 suppl\u00e9mentaire de confiance, de vuln\u00e9rabilit\u00e9 et de prise de risques. Pour d\u2019autres, un groupe plus diversifi\u00e9 cr\u00e9e un autre type d\u2019opportunit\u00e9 de travail et de d\u00e9veloppement personnel. Les AING Gateways offrent des options suppl\u00e9mentaires\u00a0: chaque personne est libre de choisir quelle porte d\u2019entr\u00e9e l\u2019attire le plus.<\/span><\/p>\n<p style=\"font-weight: 400;\"><strong><span>Comment les AING Gateways ont-elles vu le jour ?<\/span><\/strong><\/p>\n<p style=\"font-weight: 400;\"><span>C\u2019est le MKP USA qui a eu l\u2019id\u00e9e de la cr\u00e9ation d\u2019AING Gateways ax\u00e9es sur des populations cibl\u00e9es : les hommes de couleur, les hommes GBTQIA+, les hommes en situation de handicap&#8230; En anglais elles sont appel\u00e9es <em>Gateways <\/em>dans le sens de \u201cportes d\u2019entr\u00e9e alternatives\u201d. <\/span><\/p>\n<p style=\"font-weight: 400;\"><span>La premi\u00e8re AING Gateway organis\u00e9e par le MKP USA \u00e9tait destin\u00e9e aux Gay\/Bi (Tucson, Arizona) en 2003. Depuis lors, pr\u00e8s de 50 AING Gateways ont \u00e9t\u00e9 propos\u00e9es \u00e0 travers les \u00c9tats-Unis, au Royaume Uni et au Mexique. Elles concernent diff\u00e9rents groupes minoritaires :\u00a0 GBTQ+, sourds\/malentendants, jeunes, noirs-latinos, moyen-orientaux, asiatiques.<\/span><\/p>\n<p style=\"font-weight: 400;\"><span>En Europe, au Royaume Uni ont lieu des AING Gateway chaque ann\u00e9e depuis 2022\u00a0: pour les hommes de couleur (<em>Black and Brown<\/em>) et pour les Gay Bi Trans Queer +. En Europe francophone, une premi\u00e8re AING d\u00e9di\u00e9e aux GBTQ+ a eu lieu en 2024 et la premi\u00e8re Aventure pour les hommes de Couleurs est pr\u00e9vue en 2026 L\u2019AING Rainbow qui aura lieu en Belgique en juin 2026 est une Gateway GTBQ+ . L\u2019\u00e9quipe d\u2019encadrement inclura des personnes fortes d\u2019une exp\u00e9rience de plus de 20 ans sur ces AING sp\u00e9cifiques.<\/span><\/p>\n<p style=\"font-weight: 400;\"><strong><span>Qu\u2019est-ce qui caract\u00e9rise une AING Gateway ?<\/span><\/strong><\/p>\n<p style=\"font-weight: 400;\"><span>Dans une Aventure Gateway, la majorit\u00e9 des membres de l\u2019\u00e9quipe encadrante (+\/- 80 %) fait partie du groupe minoritaire concern\u00e9. Cela apporte un niveau de confiance et de s\u00e9curit\u00e9 permettant aux personnes concern\u00e9es de s&#8217;inscrire et de participer pleinement au week-end.<\/span><\/p>\n<p style=\"font-weight: 400;\"><span>Les AING Gateway sont identiques aux AING \u00ab\u00a0classiques\u00a0\u00bb, en termes de contenu, d\u2019apprentissages, de rythme, etc\u2026 Simplement, une attention plus particuli\u00e8re est port\u00e9e aux besoins, blessures et exp\u00e9riences de vie sp\u00e9cifiques. Quelques aspects du week-end sont ainsi adapt\u00e9s pour parler clairement et directement aux personnes du groupe minoritaire. <\/span><\/p>\n<p style=\"font-weight: 400;\"><strong><span>Qu&#8217;apportent les AING Gateways ?<\/span><\/strong><\/p>\n<p style=\"font-weight: 400;\"><span>L\u2019exp\u00e9rience montre le succ\u00e8s des Aventures Gateways qui ont cr\u00e9\u00e9 un espace de s\u00e9curit\u00e9 o\u00f9 la parole est plus libre, pour qu\u2019ensuite toutes ces personnes aient pleinement leur place dans la communaut\u00e9 MKP. Cela s\u2019est constat\u00e9 par:<\/span><\/p>\n<ul>\n<li style=\"font-weight: 400;\"><span> Des personnes participant aux AING Gateways ont d\u00e9clar\u00e9 qu\u2019elles n&#8217;auraient pas particip\u00e9 \u00e0 un autre type d\u2019AING.<\/span><\/li>\n<li style=\"font-weight: 400;\"><span> Apr\u00e8s le week-end, beaucoup rejoignent les groupes de paroles.<\/span><\/li>\n<li style=\"font-weight: 400;\"><span> Les \u00e9changes interculturels sont am\u00e9lior\u00e9s permettant une connexion plus authentique. Le dialogue est am\u00e9lior\u00e9 entre personnes de diff\u00e9rents groupes.<\/span><\/li>\n<li style=\"font-weight: 400;\"><span> Davantage de membres des groupes minoritaires acc\u00e8dent \u00e0 des postes de leadership.<\/span><\/li>\n<li style=\"font-weight: 400;\"><span> Les AING Gateway sont de plus en plus demand\u00e9es et se d\u00e9veloppent \u00e0 travers le monde.<\/span><\/li>\n<\/ul>\n<p>[\/et_pb_text][\/et_pb_column][\/et_pb_row][et_pb_row _builder_version=&#8221;4.25.0&#8243; _module_preset=&#8221;default&#8221; global_colors_info=&#8221;{}&#8221;][et_pb_column type=&#8221;4_4&#8243; _builder_version=&#8221;4.25.0&#8243; _module_preset=&#8221;default&#8221; global_colors_info=&#8221;{}&#8221;][et_pb_button button_url=&#8221;https:\/\/mkp-epit.org\/registrations\/74dd5f0c-a30b-4d96-aee5-80b5de89a586&#8243; url_new_window=&#8221;on&#8221; button_text=&#8221;Pour s&#8217;inscrire \u00e0 l&#8217;AING Rainbow : cliquez ici&#8221; button_alignment=&#8221;left&#8221; _builder_version=&#8221;4.25.0&#8243; _module_preset=&#8221;default&#8221; custom_button=&#8221;on&#8221; button_text_color=&#8221;#000000&#8243; button_bg_color=&#8221;#EDF000&#8243; hover_enabled=&#8221;0&#8243; global_colors_info=&#8221;{}&#8221; sticky_enabled=&#8221;0&#8243;][\/et_pb_button][et_pb_button button_url=&#8221;https:\/\/mkpbelgium.org\/fr\/rainbow_flyer&#8221; url_new_window=&#8221;on&#8221; button_text=&#8221;Pour partager cette information : cliquez ici&#8221; button_alignment=&#8221;left&#8221; _builder_version=&#8221;4.25.0&#8243; _module_preset=&#8221;default&#8221; custom_button=&#8221;on&#8221; button_text_color=&#8221;#000000&#8243; button_bg_color=&#8221;#EDF000&#8243; hover_enabled=&#8221;0&#8243; global_colors_info=&#8221;{}&#8221; sticky_enabled=&#8221;0&#8243;][\/et_pb_button][et_pb_text _builder_version=&#8221;4.25.0&#8243; _module_preset=&#8221;default&#8221; text_font_size=&#8221;18px&#8221; text_line_height=&#8221;2em&#8221; hover_enabled=&#8221;0&#8243; global_colors_info=&#8221;{}&#8221; sticky_enabled=&#8221;0&#8243;]<\/p>\n<p style=\"font-weight: 400; text-align: left;\"><strong><span>Nous contacter :<\/span><\/strong><span>\u00a0<a href=\"mailto:initiation@mkpbelgium.org\">initiation@mkpbelgium.org<\/a><\/span><\/p>\n<p>[\/et_pb_text][et_pb_text _builder_version=&#8221;4.25.0&#8243; _module_preset=&#8221;default&#8221; text_font_size=&#8221;18px&#8221; text_line_height=&#8221;2em&#8221; global_colors_info=&#8221;{}&#8221;]<\/p>\n<p style=\"font-weight: 400;\"><strong><span>Pour en savoir plus<\/span><\/strong><span>\u00a0: Venez poser vos questions aux soir\u00e9es visio de pr\u00e9sentation du MKP et des Gateways\u00a0:<\/span><\/p>\n<ul>\n<li><span>Samedi 18 avril de 17h \u00e0 18h30, <\/span><\/li>\n<li><span>Mercredi 13 mai de 20h \u00e0 21h30<\/span><\/li>\n<li><span>Mercredi 27 mai de 20h \u00e0 21h30<\/span><\/li>\n<\/ul>\n<p style=\"font-weight: 400;\">Informations et inscriptions : <a href=\"mailto:initiation@mkpbelgium.org\">initiation@mkpbelgium.org<\/a><\/p>\n<p style=\"font-weight: 400;\"><strong><span>Cercles de paroles ouverts<\/span><\/strong><span>, gratuits\u00a0: d\u00e9couvrez les cercles de paroles MKP Rainbow\u00a0! Ouvert aux hommes et aux personnes Non Binaires de la communaut\u00e9 LGBTQIA+<\/span><\/p>\n<p style=\"font-weight: 400;\"><span>Les mercredis : 29 avril, 20 mai et 3 juin de 20 \u00e0 22h sur zoom<\/span><\/p>\n<p>[\/et_pb_text][et_pb_text _builder_version=&#8221;4.25.0&#8243; _module_preset=&#8221;default&#8221; text_font_size=&#8221;18px&#8221; text_line_height=&#8221;2em&#8221; global_colors_info=&#8221;{}&#8221;]<\/p>\n<p style=\"font-weight: 400; text-align: left;\"><strong><span>Informations et inscriptions :<\/span><\/strong><span>\u00a0<a href=\"mailto:initiation@mkpbelgium.org\">initiation@mkpbelgium.org<\/a><\/span><\/p>\n<p>[\/et_pb_text][et_pb_text _builder_version=&#8221;4.25.0&#8243; _module_preset=&#8221;default&#8221; text_font_size=&#8221;18px&#8221; text_line_height=&#8221;2em&#8221; global_colors_info=&#8221;{}&#8221;]<\/p>\n<p style=\"font-weight: 400; text-align: left;\"><b>Prochaines AING Gateways GBTQ+ <\/b>en Europe :\u00a0<\/p>\n<p>[\/et_pb_text][et_pb_button button_url=&#8221;https:\/\/mankindprojectuki.org\/nwta-register-gbtq-gateway-wp&#8221; url_new_window=&#8221;on&#8221; button_text=&#8221;9-11 octobre 2026, Sheffield, England            ENG                            &#8211; Informations et inscriptions&#8221; _builder_version=&#8221;4.25.0&#8243; _module_preset=&#8221;default&#8221; custom_button=&#8221;on&#8221; button_text_color=&#8221;#000000&#8243; button_bg_color=&#8221;#EDF000&#8243; hover_enabled=&#8221;0&#8243; global_colors_info=&#8221;{}&#8221; button_bg_enable_color=&#8221;on&#8221; sticky_enabled=&#8221;0&#8243;][\/et_pb_button][et_pb_button button_url=&#8221;https:\/\/mkpes.org\/ang\/&#8221; url_new_window=&#8221;on&#8221; button_text=&#8221;20-22 novembre 2026, Girona, Espagne\tESP ENG FRA\t&#8211; Plus d\u2019information \u00e0 venir ici&#8221; _builder_version=&#8221;4.25.0&#8243; _module_preset=&#8221;default&#8221; custom_button=&#8221;on&#8221; button_text_color=&#8221;#000000&#8243; button_bg_color=&#8221;#EDF000&#8243; hover_enabled=&#8221;0&#8243; global_colors_info=&#8221;{}&#8221; button_bg_enable_color=&#8221;on&#8221; sticky_enabled=&#8221;0&#8243;][\/et_pb_button][\/et_pb_column][\/et_pb_row][\/et_pb_section]<\/p>\n","protected":false},"excerpt":{"rendered":"<p>\u00ab\u00a0AING Rainbow\u00a0\u00bb: de quoi s\u2019agit-il\u00a0?L\u2019AING Rainbow de juin 2026 en Belgique est une Aventure l\u00e9g\u00e8rement diff\u00e9rente \u00e0 destination des personnes GBTQIA+ et s\u2019inscrit dans une longue exp\u00e9rience d\u2019AING sp\u00e9cifiques appel\u00e9es AING Gateways. \u00a0D\u00e9couvrez ici les ressources pour en savoir plus, pour assister \u00e0 nos cercles de paroles et aux soir\u00e9es d\u2019information, pour s\u2019inscrire, etc\u2026 A [&hellip;]<\/p>\n","protected":false},"author":8,"featured_media":0,"parent":0,"menu_order":0,"comment_status":"closed","ping_status":"closed","template":"","meta":{"_et_pb_use_builder":"on","_et_pb_old_content":"","_et_gb_content_width":"","footnotes":""},"simple-restrict-permission":[],"class_list":["post-8140","page","type-page","status-publish","hentry"],"_links":{"self":[{"href":"https:\/\/mkpbelgium.org\/fr\/wp-json\/wp\/v2\/pages\/8140","targetHints":{"allow":["GET"]}}],"collection":[{"href":"https:\/\/mkpbelgium.org\/fr\/wp-json\/wp\/v2\/pages"}],"about":[{"href":"https:\/\/mkpbelgium.org\/fr\/wp-json\/wp\/v2\/types\/page"}],"author":[{"embeddable":true,"href":"https:\/\/mkpbelgium.org\/fr\/wp-json\/wp\/v2\/users\/8"}],"replies":[{"embeddable":true,"href":"https:\/\/mkpbelgium.org\/fr\/wp-json\/wp\/v2\/comments?post=8140"}],"version-history":[{"count":16,"href":"https:\/\/mkpbelgium.org\/fr\/wp-json\/wp\/v2\/pages\/8140\/revisions"}],"predecessor-version":[{"id":8306,"href":"https:\/\/mkpbelgium.org\/fr\/wp-json\/wp\/v2\/pages\/8140\/revisions\/8306"}],"wp:attachment":[{"href":"https:\/\/mkpbelgium.org\/fr\/wp-json\/wp\/v2\/media?parent=8140"}],"wp:term":[{"taxonomy":"simple-restrict-permission","embeddable":true,"href":"https:\/\/mkpbelgium.org\/fr\/wp-json\/wp\/v2\/simple-restrict-permission?post=8140"}],"curies":[{"name":"wp","href":"https:\/\/api.w.org\/{rel}","templated":true}]}}