{"id":3732,"date":"2020-01-19T23:45:14","date_gmt":"2020-01-19T22:45:14","guid":{"rendered":"http:\/\/mkpbelgium.org\/?page_id=3732"},"modified":"2026-04-21T14:00:02","modified_gmt":"2026-04-21T12:00:02","slug":"celebrations","status":"publish","type":"page","link":"https:\/\/mkpbelgium.org\/fr\/celebrations\/","title":{"rendered":"Soir\u00e9es de Retour"},"content":{"rendered":"<p>[et_pb_section fb_built=&#8221;1&#8243; admin_label=&#8221;Hero&#8221; _builder_version=&#8221;4.16&#8243; use_background_color_gradient=&#8221;on&#8221; background_color_gradient_stops=&#8221;rgba(0,0,0,0.5) 0%|rgba(0,0,0,0) 100%&#8221; background_color_gradient_overlays_image=&#8221;on&#8221; background_color_gradient_start=&#8221;rgba(0,0,0,0.5)&#8221; background_color_gradient_end=&#8221;rgba(0,0,0,0)&#8221; background_image=&#8221;https:\/\/mkpbelgium.org\/wp-content\/uploads\/2020\/01\/3-Ontmoet-ons.png&#8221; min_height=&#8221;775px&#8221; custom_margin=&#8221;|||&#8221; custom_padding=&#8221;180px||0px|&#8221; bottom_divider_style=&#8221;slant&#8221; bottom_divider_color=&#8221;#ffffff&#8221; bottom_divider_flip=&#8221;horizontal&#8221; animation_style=&#8221;slide&#8221; animation_direction=&#8221;top&#8221; animation_intensity_slide=&#8221;5%&#8221; animation_starting_opacity=&#8221;100%&#8221; global_colors_info=&#8221;{}&#8221;][et_pb_row column_structure=&#8221;3_4,1_4&#8243; _builder_version=&#8221;4.16&#8243; background_size=&#8221;initial&#8221; background_position=&#8221;top_left&#8221; background_repeat=&#8221;repeat&#8221; min_height=&#8221;355px&#8221; custom_margin=&#8221;0px||||false|false&#8221; custom_padding=&#8221;27px|0px|0px|0px&#8221; global_colors_info=&#8221;{}&#8221;][et_pb_column type=&#8221;3_4&#8243; _builder_version=&#8221;4.16&#8243; custom_padding=&#8221;|||&#8221; global_colors_info=&#8221;{}&#8221; custom_padding__hover=&#8221;|||&#8221;][et_pb_text content_tablet=&#8221;&#8221; content_phone=&#8221;<\/p>\n<h2>Soir\u00e9es de retour et de c\u00e9l\u00e9bration<\/h2>\n<p>&#8221; content_last_edited=&#8221;on|phone&#8221; admin_label=&#8221;Title&#8221; _builder_version=&#8221;4.16&#8243; text_font=&#8221;Montserrat|600|||||||&#8221; text_font_size=&#8221;1px&#8221; text_letter_spacing=&#8221;-3px&#8221; text_line_height=&#8221;2em&#8221; header_font=&#8221;Montserrat|500|||||||&#8221; header_text_align=&#8221;left&#8221; header_font_size=&#8221;80px&#8221; header_line_height=&#8221;1.2em&#8221; background_layout=&#8221;dark&#8221; animation_style=&#8221;zoom&#8221; animation_direction=&#8221;left&#8221; animation_intensity_zoom=&#8221;10%&#8221; text_letter_spacing_tablet=&#8221;&#8221; text_letter_spacing_phone=&#8221;1px&#8221; text_letter_spacing_last_edited=&#8221;on|phone&#8221; header_font_size_tablet=&#8221;&#8221; header_font_size_phone=&#8221;72px&#8221; header_font_size_last_edited=&#8221;on|phone&#8221; text_orientation_tablet=&#8221;&#8221; text_orientation_phone=&#8221;left&#8221; text_orientation_last_edited=&#8221;on|phone&#8221; global_colors_info=&#8221;{}&#8221;]<\/p>\n<h1>Soir\u00e9es de retour et de c\u00e9l\u00e9bration<\/h1>\n<p>[\/et_pb_text][et_pb_divider color=&#8221;rgba(255,255,255,0.7)&#8221; divider_weight=&#8221;3px&#8221; _builder_version=&#8221;4.16&#8243; max_width=&#8221;120px&#8221; animation_style=&#8221;zoom&#8221; animation_direction=&#8221;left&#8221; global_colors_info=&#8221;{}&#8221;][\/et_pb_divider][et_pb_text _builder_version=&#8221;4.16&#8243; text_font=&#8221;Montserrat|300|||||||&#8221; text_text_color=&#8221;#000000&#8243; text_font_size=&#8221;20px&#8221; text_line_height=&#8221;1.8em&#8221; background_color=&#8221;#ffffff&#8221; background_layout=&#8221;dark&#8221; animation_style=&#8221;zoom&#8221; animation_direction=&#8221;left&#8221; animation_delay=&#8221;100ms&#8221; animation_intensity_zoom=&#8221;10%&#8221; border_radii=&#8221;on|29px|29px|29px|29px&#8221; border_width_all=&#8221;11px&#8221; border_color_all=&#8221;#ffffff&#8221; global_colors_info=&#8221;{}&#8221;]<\/p>\n<p><b>S\u00e9ances publiques. Entr\u00e9e libre, ouvertes \u00e0 tous et \u00e0 toutes<\/b><br \/> Venez d\u00e9couvrir l&#8217;histoire du ManKind Project, rencontrer ceux qui le vivent et le font vivre et \u00e9couter les t\u00e9moignages d&#8217;hommes qui viennent d&#8217;\u00eatre initi\u00e9s.<\/p>\n<p>[\/et_pb_text][et_pb_button _builder_version=&#8221;4.16&#8243; custom_button=&#8221;on&#8221; button_bg_use_color_gradient=&#8221;on&#8221; button_bg_color_gradient_direction=&#8221;90deg&#8221; button_bg_color_gradient_stops=&#8221;#4968ff 0%|#6fe5f3 100%&#8221; button_bg_color_gradient_start=&#8221;#4968ff&#8221; button_bg_color_gradient_end=&#8221;#6fe5f3&#8243; button_border_width=&#8221;0px&#8221; button_border_radius=&#8221;0px&#8221; button_font=&#8221;Montserrat|500||on|||||&#8221; button_icon=&#8221;&#x24;||divi||400&#8243; button_on_hover=&#8221;off&#8221; background_layout=&#8221;dark&#8221; custom_margin=&#8221;100px|||&#8221; custom_padding=&#8221;24px|60px|24px|40px&#8221; animation_style=&#8221;zoom&#8221; animation_direction=&#8221;left&#8221; animation_delay=&#8221;200ms&#8221; animation_intensity_zoom=&#8221;10%&#8221; global_colors_info=&#8221;{}&#8221; button_text_size__hover_enabled=&#8221;off&#8221; button_one_text_size__hover_enabled=&#8221;off&#8221; button_two_text_size__hover_enabled=&#8221;off&#8221; button_text_color__hover_enabled=&#8221;off&#8221; button_one_text_color__hover_enabled=&#8221;off&#8221; button_two_text_color__hover_enabled=&#8221;off&#8221; button_border_width__hover_enabled=&#8221;off&#8221; button_one_border_width__hover_enabled=&#8221;off&#8221; button_two_border_width__hover_enabled=&#8221;off&#8221; button_border_color__hover_enabled=&#8221;off&#8221; button_one_border_color__hover_enabled=&#8221;off&#8221; button_two_border_color__hover_enabled=&#8221;off&#8221; button_border_radius__hover_enabled=&#8221;off&#8221; button_one_border_radius__hover_enabled=&#8221;off&#8221; button_two_border_radius__hover_enabled=&#8221;off&#8221; button_letter_spacing__hover_enabled=&#8221;off&#8221; button_one_letter_spacing__hover_enabled=&#8221;off&#8221; button_two_letter_spacing__hover_enabled=&#8221;off&#8221; button_bg_color__hover_enabled=&#8221;off&#8221; button_one_bg_color__hover_enabled=&#8221;off&#8221; button_two_bg_color__hover_enabled=&#8221;off&#8221;][\/et_pb_button][\/et_pb_column][et_pb_column type=&#8221;1_4&#8243; _builder_version=&#8221;4.16&#8243; custom_padding=&#8221;|||&#8221; global_colors_info=&#8221;{}&#8221; custom_padding__hover=&#8221;|||&#8221;][\/et_pb_column][\/et_pb_row][\/et_pb_section][et_pb_section fb_built=&#8221;1&#8243; _builder_version=&#8221;4.16&#8243; global_colors_info=&#8221;{}&#8221;][et_pb_row _builder_version=&#8221;4.16&#8243; global_colors_info=&#8221;{}&#8221;][et_pb_column type=&#8221;4_4&#8243; _builder_version=&#8221;4.16&#8243; global_colors_info=&#8221;{}&#8221;][et_pb_text _builder_version=&#8221;4.25.0&#8243; global_colors_info=&#8221;{}&#8221;]<\/p>\n<h2>Venez nous rencontrer !<\/h2>\n<p>Nous organisons une r\u00e9union apr\u00e8s chaque Aventure Initiatique du Nouveau Guerrier une soir\u00e9e de c\u00e9l\u00e9bration et de pr\u00e9sentation du ManKind Project.<\/p>\n<p>Tout le monde y est le bienvenu, l\u2019entr\u00e9e est libre et gratuite<\/p>\n<ul>\n<li class=\"Standaard\" style=\"margin-left: 35.4pt;\"><span lang=\"NL-BE\">Les personnes nouvellement initi\u00e9s y c\u00e9l\u00e8brent leur retour du week-end avec leurs amis et leur famille.<\/span><\/li>\n<li class=\"Standaard\" style=\"margin-left: 35.4pt;\"><span lang=\"NL-BE\">Le ManKind Project y est pr\u00e9sent\u00e9 en direct\u00a0<\/span><\/li>\n<li class=\"Standaard\" style=\"margin-left: 35.4pt;\"><span lang=\"NL-BE\">Des personnes y t\u00e9moignent de leur v\u00e9cu apr\u00e8s leur initiation nouvellement initi\u00e9s<o:p><\/o:p><\/span><\/li>\n<li class=\"Standaard\" style=\"margin-left: 35.4pt;\"><span lang=\"NL-BE\">Les membres de leur famille et d&#8217;autres connaissances y racontent comment ils ont v\u00e9cu le retour de leur partenaire, p\u00e8re, fils, fr\u00e8re.<o:p><\/o:p><\/span><\/li>\n<li class=\"Standaard\" style=\"margin-left: 35.4pt;\"><span lang=\"NL-BE\">Tout le monde peut y poser toutes les questions qu&#8217;il souhaite\u00a0 au sujet de ManKind Project<\/span><\/li>\n<li class=\"Standaard\" style=\"margin-left: 35.4pt;\">Des repr\u00e9sentants de l&#8217;\u00e9quivalent f\u00e9minin du ManKind Project sont pr\u00e9sents \u00e9galement pour r\u00e9pondre aux questions et pr\u00e9senter leur organisation<\/li>\n<\/ul>\n<p>La soir\u00e9e se termine par une collation et une discussion autour d&#8217;un verre de l&#8217;amiti\u00e9.<\/p>\n<p>[\/et_pb_text][\/et_pb_column][\/et_pb_row][\/et_pb_section][et_pb_section fb_built=&#8221;1&#8243; admin_label=&#8221;Quote&#8221; _builder_version=&#8221;4.16&#8243; use_background_color_gradient=&#8221;on&#8221; background_color_gradient_direction=&#8221;120deg&#8221; background_color_gradient_stops=&#8221;#a258ff 0%|#308cff 100%&#8221; background_color_gradient_start=&#8221;#a258ff&#8221; background_color_gradient_end=&#8221;#308cff&#8221; max_width=&#8221;80%&#8221; max_width_tablet=&#8221;100%&#8221; max_width_phone=&#8221;&#8221; max_width_last_edited=&#8221;on|desktop&#8221; custom_margin=&#8221;|||&#8221; custom_padding=&#8221;|||&#8221; global_colors_info=&#8221;{}&#8221;][et_pb_row _builder_version=&#8221;4.24.2&#8243; module_alignment=&#8221;center&#8221; global_colors_info=&#8221;{}&#8221;][et_pb_column type=&#8221;4_4&#8243; _builder_version=&#8221;4.16&#8243; global_colors_info=&#8221;{}&#8221;][et_pb_button button_url=&#8221;https:\/\/mkpbelgium.org\/fr\/calendrier&#8221; url_new_window=&#8221;on&#8221; button_text=&#8221;Dates des prochains WE d&#8217;initiation&#8221; _builder_version=&#8221;4.16&#8243; custom_button=&#8221;on&#8221; button_bg_use_color_gradient=&#8221;on&#8221; button_bg_color_gradient_direction=&#8221;90deg&#8221; button_bg_color_gradient_stops=&#8221;#4968ff 0%|#6fe5f3 100%&#8221; button_bg_color_gradient_start=&#8221;#4968ff&#8221; button_bg_color_gradient_end=&#8221;#6fe5f3&#8243; button_border_width=&#8221;0px&#8221; button_border_radius=&#8221;0px&#8221; button_font=&#8221;Montserrat|500||on|||||&#8221; button_icon=&#8221;&#x24;||divi||400&#8243; button_on_hover=&#8221;off&#8221; background_layout=&#8221;dark&#8221; custom_margin=&#8221;100px|||&#8221; custom_padding=&#8221;24px|60px|24px|40px&#8221; animation_style=&#8221;zoom&#8221; animation_direction=&#8221;left&#8221; animation_delay=&#8221;200ms&#8221; animation_intensity_zoom=&#8221;10%&#8221; global_colors_info=&#8221;{}&#8221; button_text_size__hover_enabled=&#8221;off&#8221; button_one_text_size__hover_enabled=&#8221;off&#8221; button_two_text_size__hover_enabled=&#8221;off&#8221; button_text_color__hover_enabled=&#8221;off&#8221; button_one_text_color__hover_enabled=&#8221;off&#8221; button_two_text_color__hover_enabled=&#8221;off&#8221; button_border_width__hover_enabled=&#8221;off&#8221; button_one_border_width__hover_enabled=&#8221;off&#8221; button_two_border_width__hover_enabled=&#8221;off&#8221; button_border_color__hover_enabled=&#8221;off&#8221; button_one_border_color__hover_enabled=&#8221;off&#8221; button_two_border_color__hover_enabled=&#8221;off&#8221; button_border_radius__hover_enabled=&#8221;off&#8221; button_one_border_radius__hover_enabled=&#8221;off&#8221; button_two_border_radius__hover_enabled=&#8221;off&#8221; button_letter_spacing__hover_enabled=&#8221;off&#8221; button_one_letter_spacing__hover_enabled=&#8221;off&#8221; button_two_letter_spacing__hover_enabled=&#8221;off&#8221; button_bg_color__hover_enabled=&#8221;off&#8221; button_one_bg_color__hover_enabled=&#8221;off&#8221; button_two_bg_color__hover_enabled=&#8221;off&#8221;][\/et_pb_button][\/et_pb_column][\/et_pb_row][et_pb_row _builder_version=&#8221;4.19.0&#8243; _module_preset=&#8221;default&#8221; global_colors_info=&#8221;{}&#8221;][et_pb_column type=&#8221;4_4&#8243; _builder_version=&#8221;4.19.0&#8243; _module_preset=&#8221;default&#8221; global_colors_info=&#8221;{}&#8221;][et_pb_image src=&#8221;https:\/\/mkpbelgium.org\/wp-content\/uploads\/2026\/04\/AING-RAINBOW-Belgique-Celebration-de-retour-FR-pdf.jpg&#8221; title_text=&#8221;AING RAINBOW Belgique &#8211; C\u00e9l\u00e9bration de retour &#8211; FR&#8221; force_fullwidth=&#8221;on&#8221; _builder_version=&#8221;4.25.0&#8243; _module_preset=&#8221;default&#8221; module_alignment=&#8221;center&#8221; hover_enabled=&#8221;0&#8243; global_colors_info=&#8221;{}&#8221; sticky_enabled=&#8221;0&#8243;][\/et_pb_image][et_pb_image src=&#8221;https:\/\/mkpbelgium.org\/wp-content\/uploads\/2026\/04\/RAINBOW-NWTA-Belgium-Return-Ceremony-ENG-pdf.jpg&#8221; _builder_version=&#8221;4.25.0&#8243; _module_preset=&#8221;default&#8221; title_text=&#8221;RAINBOW NWTA Belgium &#8211; Return Ceremony &#8211; ENG&#8221; hover_enabled=&#8221;0&#8243; sticky_enabled=&#8221;0&#8243; align=&#8221;center&#8221;][\/et_pb_image][\/et_pb_column][\/et_pb_row][et_pb_row _builder_version=&#8221;4.19.0&#8243; max_width=&#8221;80%&#8221; module_alignment=&#8221;center&#8221; custom_margin=&#8221;|-12%||168px||&#8221; custom_margin_tablet=&#8221;|10%||10%&#8221; custom_margin_phone=&#8221;&#8221; custom_margin_last_edited=&#8221;on|tablet&#8221; custom_padding=&#8221;|0px||||&#8221; use_custom_width=&#8221;on&#8221; width_unit=&#8221;off&#8221; global_colors_info=&#8221;{}&#8221;][et_pb_column type=&#8221;4_4&#8243; _builder_version=&#8221;4.16&#8243; custom_padding=&#8221;|||&#8221; global_colors_info=&#8221;{}&#8221; custom_padding__hover=&#8221;|||&#8221;][et_pb_accordion _builder_version=&#8221;4.25.0&#8243; width=&#8221;99.6%&#8221; link_option_url_new_window=&#8221;on&#8221; global_colors_info=&#8221;{}&#8221;][\/et_pb_accordion][\/et_pb_column][\/et_pb_row][\/et_pb_section]<\/p>\n","protected":false},"excerpt":{"rendered":"<p>Soir\u00e9es de retour et de c\u00e9l\u00e9brationS\u00e9ances publiques. Entr\u00e9e libre, ouvertes \u00e0 tous et \u00e0 toutes Venez d\u00e9couvrir l&#8217;histoire du ManKind Project, rencontrer ceux qui le vivent et le font vivre et \u00e9couter les t\u00e9moignages d&#8217;hommes qui viennent d&#8217;\u00eatre initi\u00e9s.Venez nous rencontrer ! Nous organisons une r\u00e9union apr\u00e8s chaque Aventure Initiatique du Nouveau Guerrier une soir\u00e9e [&hellip;]<\/p>\n","protected":false},"author":12,"featured_media":0,"parent":0,"menu_order":0,"comment_status":"closed","ping_status":"closed","template":"","meta":{"_et_pb_use_builder":"on","_et_pb_old_content":"","_et_gb_content_width":"","footnotes":""},"simple-restrict-permission":[],"class_list":["post-3732","page","type-page","status-publish","hentry"],"_links":{"self":[{"href":"https:\/\/mkpbelgium.org\/fr\/wp-json\/wp\/v2\/pages\/3732","targetHints":{"allow":["GET"]}}],"collection":[{"href":"https:\/\/mkpbelgium.org\/fr\/wp-json\/wp\/v2\/pages"}],"about":[{"href":"https:\/\/mkpbelgium.org\/fr\/wp-json\/wp\/v2\/types\/page"}],"author":[{"embeddable":true,"href":"https:\/\/mkpbelgium.org\/fr\/wp-json\/wp\/v2\/users\/12"}],"replies":[{"embeddable":true,"href":"https:\/\/mkpbelgium.org\/fr\/wp-json\/wp\/v2\/comments?post=3732"}],"version-history":[{"count":63,"href":"https:\/\/mkpbelgium.org\/fr\/wp-json\/wp\/v2\/pages\/3732\/revisions"}],"predecessor-version":[{"id":8316,"href":"https:\/\/mkpbelgium.org\/fr\/wp-json\/wp\/v2\/pages\/3732\/revisions\/8316"}],"wp:attachment":[{"href":"https:\/\/mkpbelgium.org\/fr\/wp-json\/wp\/v2\/media?parent=3732"}],"wp:term":[{"taxonomy":"simple-restrict-permission","embeddable":true,"href":"https:\/\/mkpbelgium.org\/fr\/wp-json\/wp\/v2\/simple-restrict-permission?post=3732"}],"curies":[{"name":"wp","href":"https:\/\/api.w.org\/{rel}","templated":true}]}}