{"id":2832,"date":"2019-12-15T09:37:08","date_gmt":"2019-12-15T08:37:08","guid":{"rendered":"https:\/\/mankindproject.be\/?page_id=2832"},"modified":"2019-12-15T09:37:18","modified_gmt":"2019-12-15T08:37:18","slug":"mkpi","status":"publish","type":"page","link":"https:\/\/mkpbelgium.org\/fr\/mkpi\/","title":{"rendered":"MKPI"},"content":{"rendered":"<p>[et_pb_section fb_built=&#8221;1&#8243; fullwidth=&#8221;on&#8221; disabled_on=&#8221;off|off|off&#8221; admin_label=&#8221;Hero&#8221; _builder_version=&#8221;3.22&#8243; background_color=&#8221;#1f1f1f&#8221; parallax=&#8221;on&#8221; custom_padding=&#8221;|||&#8221; transparent_background=&#8221;on&#8221;][et_pb_fullwidth_header title=&#8221;ManKind Project International&#8221; button_one_text=&#8221;@ET-DC@eyJkeW5hbWljIjp0cnVlLCJjb250ZW50IjoicG9zdF9saW5rIiwic2V0dGluZ3MiOnsiYmVmb3JlIjoiIiwiYWZ0ZXIiOiIiLCJ0ZXh0IjoicG9zdF90aXRsZSIsImN1c3RvbV90ZXh0IjoiIn19@&#8221; _builder_version=&#8221;4.0.9&#8243; hover_enabled=&#8221;0&#8243; _dynamic_attributes=&#8221;button_one_text&#8221; button_one_url=&#8221;https:\/\/mankindproject.org&#8221;]<\/p>\n<p> Le ManKind Project International (MKPI) est une organisation internationale sans but lucratif qui repose sur des valeurs de fraternit\u00e9s mondiales dont l\u2019objectif principal est de mener des programmes challengeants et grandement profitables pour les hommes, et ce \u00e0 tous les stades de leur vie.<\/p>\n<p>MKPI se compose actuellement de 11 r\u00e9gions (Australie, Belgique, Canada, Europe francophone, Europe allemande, Nouvelle-Z\u00e9lande, les pays Scandinaves (Norv\u00e8ge, Danemark, Su\u00e8de, Finlande), Afrique du Sud, Suisse, Royaume-Uni &amp; Irlande, et les \u00c9tats-Unis). \u00a0Il existe \u00e9galement plusieurs r\u00e9gions en d\u00e9veloppement (Le Costa Rica, Mexico, les Pays-Bas, l\u2019Espagne, l\u2019Italie, la Chine, Singapour, l\u2019Inde, l\u2019Afrique Centrale (Cameroun, RDC).<\/p>\n<p>&nbsp;<\/p>\n<p><strong>Dans l\u2019ensemble, MKPI a une pr\u00e9sence dans plus de 21 nations et a initi\u00e9 plus de 70.000 hommes \u00e0 travers le monde.<\/strong><\/p>\n<p>&nbsp;<\/p>\n<p>MKPI soutient un r\u00e9seau mondial de plus de 1.000 groupes d\u2019hommes qui touchent pr\u00e8s de 10.000 hommes chaque semaine. \u00a0Dans un groupe d\u2019hommes MKP, des hommes encadrent sous forme de mentoring d\u2019autres hommes \u00e0 travers les diff\u00e9rentes \u00e9tapes de leur vie.<\/p>\n<p>MKPI permet aux hommes de trouver des missions de service, qui leur permettront de faire une diff\u00e9rence dans la vie des autres (hommes, femmes et enfants) dans le monde entier. \u00a0MKPI aide les hommes \u00e0 travers toutes transitions, au travers de tous les niveaux de succ\u00e8s, en faisant face \u00e0 presque tous les d\u00e9fis. Notre formation phare, d\u00e9crite par beaucoup comme la formation la plus puissante actuellement disponible pour les hommes, s\u2019appelle l\u2019Aventure Initiatique du Nouveau Guerrier (AING).<\/p>\n<p>MKPI n\u2019est affili\u00e9 \u00e0 aucune pratique religieuse ni aucun parti politique. Nous nous effor\u00e7ons d\u2019\u00eatre le plus inclusif possible en affirmant nos diff\u00e9rences culturelles, notamment en ce qui concerne la couleur, la classe, l\u2019orientation sexuelle, la foi, l\u2019\u00e2ge, la capacit\u00e9, l\u2019ethnicit\u00e9 et la nationalit\u00e9.<\/p>\n<p>[\/et_pb_fullwidth_header][\/et_pb_section]<\/p>\n","protected":false},"excerpt":{"rendered":"<p>Le ManKind Project International (MKPI) est une organisation internationale sans but lucratif qui repose sur des valeurs de fraternit\u00e9s mondiales dont l\u2019objectif principal est de mener des programmes challengeants et grandement profitables pour les hommes, et ce \u00e0 tous les stades de leur vie. MKPI se compose actuellement de 11 r\u00e9gions (Australie, Belgique, Canada, Europe [&hellip;]<\/p>\n","protected":false},"author":12,"featured_media":0,"parent":0,"menu_order":0,"comment_status":"closed","ping_status":"closed","template":"","meta":{"_et_pb_use_builder":"on","_et_pb_old_content":"","_et_gb_content_width":"","footnotes":""},"simple-restrict-permission":[],"class_list":["post-2832","page","type-page","status-publish","hentry"],"_links":{"self":[{"href":"https:\/\/mkpbelgium.org\/fr\/wp-json\/wp\/v2\/pages\/2832","targetHints":{"allow":["GET"]}}],"collection":[{"href":"https:\/\/mkpbelgium.org\/fr\/wp-json\/wp\/v2\/pages"}],"about":[{"href":"https:\/\/mkpbelgium.org\/fr\/wp-json\/wp\/v2\/types\/page"}],"author":[{"embeddable":true,"href":"https:\/\/mkpbelgium.org\/fr\/wp-json\/wp\/v2\/users\/12"}],"replies":[{"embeddable":true,"href":"https:\/\/mkpbelgium.org\/fr\/wp-json\/wp\/v2\/comments?post=2832"}],"version-history":[{"count":0,"href":"https:\/\/mkpbelgium.org\/fr\/wp-json\/wp\/v2\/pages\/2832\/revisions"}],"wp:attachment":[{"href":"https:\/\/mkpbelgium.org\/fr\/wp-json\/wp\/v2\/media?parent=2832"}],"wp:term":[{"taxonomy":"simple-restrict-permission","embeddable":true,"href":"https:\/\/mkpbelgium.org\/fr\/wp-json\/wp\/v2\/simple-restrict-permission?post=2832"}],"curies":[{"name":"wp","href":"https:\/\/api.w.org\/{rel}","templated":true}]}}