{"id":2,"date":"2018-01-26T22:36:36","date_gmt":"2018-01-26T21:36:36","guid":{"rendered":"http:\/\/mkpbelgium.org\/?page_id=2"},"modified":"2020-01-29T18:04:37","modified_gmt":"2020-01-29T17:04:37","slug":"mkpbe","status":"publish","type":"page","link":"https:\/\/mkpbelgium.org\/fr\/mkpbe\/","title":{"rendered":"Qui sommes-nous?"},"content":{"rendered":"<p>[et_pb_section fb_built=&#8221;1&#8243; admin_label=&#8221;section&#8221; _builder_version=&#8221;3.22&#8243;][et_pb_row _builder_version=&#8221;4.1&#8243;][et_pb_column type=&#8221;4_4&#8243; _builder_version=&#8221;4.1&#8243;][et_pb_image src=&#8221;http:\/\/mkpbelgium.org\/wp-content\/uploads\/2020\/01\/mankindcover.jpg&#8221; _builder_version=&#8221;4.1&#8243;][\/et_pb_image][\/et_pb_column][\/et_pb_row][et_pb_row column_structure=&#8221;1_3,2_3&#8243; admin_label=&#8221;row&#8221; _builder_version=&#8221;3.25&#8243; background_size=&#8221;initial&#8221; background_position=&#8221;top_left&#8221; background_repeat=&#8221;repeat&#8221;][et_pb_column type=&#8221;1_3&#8243; _builder_version=&#8221;3.25&#8243; custom_padding=&#8221;|||&#8221; custom_padding__hover=&#8221;|||&#8221;][et_pb_image src=&#8221;http:\/\/mkpbelgium.org\/wp-content\/uploads\/2019\/12\/LogoMKPbilingue-1-510&#215;382-300&#215;225-1.jpg&#8221; align=&#8221;center&#8221; _builder_version=&#8221;4.1&#8243;][\/et_pb_image][\/et_pb_column][et_pb_column type=&#8221;2_3&#8243; _builder_version=&#8221;3.25&#8243; custom_padding=&#8221;|||&#8221; custom_padding__hover=&#8221;|||&#8221;][et_pb_text admin_label=&#8221;Text&#8221; _builder_version=&#8221;4.1&#8243; background_size=&#8221;initial&#8221; background_position=&#8221;top_left&#8221; background_repeat=&#8221;repeat&#8221; custom_padding=&#8221;||0px|||&#8221;]<\/p>\n<h2><a href=\"http:\/\/mkpbelgium.org\/documents\/statuts.pdf\" target=\"_blank\" rel=\"noopener noreferrer\" title=\"ManKind Project Belgium ASBL\">Mankind Project Belgium<\/a><\/h2>\n<p>&nbsp;<\/p>\n<p>Nous sommes des hommes, membres de \u201cThe ManKind Project Belgium\u201d, une association sans but lucratif, dont l\u2019objet principal est le d\u00e9veloppement du leadership, de l\u2019intelligence \u00e9motionnelle et de l\u2019int\u00e9grit\u00e9.<\/p>\n<p dir=\"ltr\">L&#8217;association a pour but de contribuer \u00e0 cr\u00e9er un monde fraternel et solidaire en vivant ses valeurs: responsabilit\u00e9, int\u00e9grit\u00e9, leadership et travail personnel, authenticit\u00e9 et de connexion aux\u00a0autres.<\/p>\n<p dir=\"ltr\">Au centre de l&#8217;activit\u00e9 du MKP se trouve l&#8217;Aventure initiatique du Nouveau Guerrier (AING). Ce stage est accessible \u00e0 tout homme qui souhaite en apprendre plus sur lui-m\u00eame et explorer \u00e0 cette fin ses propres limites. Dans le monde, plus de 70.000 hommes ont d\u00e9j\u00e0 v\u00e9cu cette aventure.<\/p>\n<p>&nbsp;<\/p>\n<p>[\/et_pb_text][et_pb_text admin_label=&#8221;Text&#8221; _builder_version=&#8221;4.1&#8243; background_size=&#8221;initial&#8221; background_position=&#8221;top_left&#8221; background_repeat=&#8221;repeat&#8221; custom_padding=&#8221;||0px|||&#8221; hover_enabled=&#8221;0&#8243;]<\/p>\n<h2>Notre mission est de permettre \u00e0 d\u2019autres hommes :<\/h2>\n<ul>\n<li>de vivre une vie d\u2019int\u00e9grit\u00e9, de responsabilit\u00e9 et de contact avec leurs \u00e9motions,<\/li>\n<li>de retrouver l\u2019essence de leur \u00e9nergie masculine.<\/li>\n<\/ul>\n<p>[\/et_pb_text][\/et_pb_column][\/et_pb_row][et_pb_row column_structure=&#8221;1_3,2_3&#8243; admin_label=&#8221;row&#8221; _builder_version=&#8221;3.25&#8243; background_size=&#8221;initial&#8221; background_position=&#8221;top_left&#8221; background_repeat=&#8221;repeat&#8221;][et_pb_column type=&#8221;1_3&#8243; _builder_version=&#8221;3.25&#8243; custom_padding=&#8221;|||&#8221; custom_padding__hover=&#8221;|||&#8221;][et_pb_image src=&#8221;http:\/\/mkpbelgium.org\/wp-content\/uploads\/2018\/02\/Leonardo.jpg&#8221; _builder_version=&#8221;4.1&#8243;][\/et_pb_image][\/et_pb_column][et_pb_column type=&#8221;2_3&#8243; _builder_version=&#8221;3.25&#8243; custom_padding=&#8221;|||&#8221; custom_padding__hover=&#8221;|||&#8221;][et_pb_text admin_label=&#8221;Text&#8221; _builder_version=&#8221;4.1&#8243; background_size=&#8221;initial&#8221; background_position=&#8221;top_left&#8221; background_repeat=&#8221;repeat&#8221; custom_padding=&#8221;||0px|||&#8221;]<\/p>\n<h2>Le temps du &#8220;New Warrior Network&#8221;<\/h2>\n<div id=\"pgc-132-0-0\" class=\"panel-grid-cell \" data-weight=\"0.61803399209206\">\n<div class=\"panel-widget-style\">\n<div class=\"textwidget\">\n<p><strong><\/strong><\/p>\n<p><strong>1982<\/strong>: Bill Kauth, Ron Hering et Rich Tosi \u2013 qui allaient devenir les fondateurs du MKP \u2013 ont un d\u00e9clic \u00e0 l\u2019\u00e9coute d\u2019une interview de\u00a0<a href=\"http:\/\/www.robertbly.com\/\" target=\"_blank\" rel=\"noopener noreferrer\">Robert Bly<\/a>\u2026<\/p>\n<p><i>Our dads could not give us what we needed, so women raised us and we can\u2019t learn about manhood from women, so we have got to learn about manhood from each other. (Nos p\u00e8res n\u2019ont pas pu nous donner ce dont nous avions besoin, nous avons \u00e9t\u00e9 \u00e9lev\u00e9s par des femmes aupr\u00e8s de qui nous ne pouvions apprendre la masculinit\u00e9, nous devons donc nous l\u2019enseigner les uns les autres.)<\/i><\/p>\n<p>Il leur apparut qu\u2019il n\u2019existait pas, ou qu\u2019il n\u2019y avait plus depuis plusieurs g\u00e9n\u00e9rations, de rite de passage r\u00e9ellement significatif vers la masculinit\u00e9.<\/p>\n<p><strong>1984<\/strong>: D\u00e9but de leurs \u00e9changes en vue de cr\u00e9er un processus de transformation pour l\u2019homme. Ainsi naquit le\u00a0<i>training<\/i>\u00a0(\u00ab\u00a0l\u2019entrainement\u00a0\u00bb), avec comme principe fondateur celui de \u00ab\u00a0<i>decision by passion<\/i>\u00a0\u00bb. Cr\u00e9er un v\u00e9ritable rite initiatique masculin qui aurait le double objectif suivant\u00a0: \u00ab\u00a0<i>creation of community and empowerement of individuals<\/i>\u00a0\u00bb (\u00ab\u00a0cr\u00e9ation d\u2019une communaut\u00e9 et \u2018renforcement\u2019 des individus.\u00a0\u00bb).<\/p>\n<p><strong>1985<\/strong>: Premier\u00a0<i>Wildman Week-end<\/i>. Bly sugg\u00e8re que le wildman (l\u2019\u00ab\u00a0homme sauvage\u00a0\u00bb) ne donne pas une bonne image du week-end, la d\u00e9nomination de\u00a0<i>New Warrior Training Adventure<\/i>\u00a0(\u00ab\u00a0Aventure initiatique des Nouveaux Guerriers\u00a0\u00bb) est alors adopt\u00e9e.<\/p>\n<h3><\/h3>\n<h3><\/h3>\n<h3>L\u2019int\u00e9gration apr\u00e8s le week-end<\/h3>\n<p><strong>1986<\/strong>: L\u2019impact des\u00a0<i>trainings<\/i>\u00a0s\u2019est r\u00e9v\u00e9l\u00e9 \u00eatre si puissant, que trois \u00e0 six mois s\u2019av\u00e9raient n\u00e9cessaires aux participants pour int\u00e9grer leurs nouvelles connaissances dans leurs vies de tous les jours. Plus les contacts entre ces hommes \u00e9taient rapides et rapproch\u00e9s dans le temps, plus cette int\u00e9gration pouvait se faire rapidement.\u00a0<span style=\"font-size: 13px;\">De cette double constatation est n\u00e9e l\u2019id\u00e9e des groupes d\u2019int\u00e9gration, ou \u00ab\u00a0i-groupes\u00a0\u00bb, groupe de parole et de travail, dont le succ\u00e8s fut imm\u00e9diat.<\/span><\/p>\n<h3><\/h3>\n<h3>Une mission : l\u2019essence de la masculinit\u00e9<\/h3>\n<p><strong>1995<\/strong>: Lors d\u2019un\u00a0<i>executive council<\/i>, \u00e0 Windsor (Canada), une mission est \u00e9nonc\u00e9e, \u00e0 l\u2019initiative de Bill Kauth: \u00ab\u00a0We are an order of men called to reclaim the sacred masculine, for our time, through initiation, training and action in the world.\u00a0\u00bb (\u00ab\u00a0Nous sommes un groupe d\u2019hommes appel\u00e9s \u00e0 se r\u00e9approprier le masculin sacr\u00e9, pour notre temps, \u00e0 travers l\u2019initiation, la formation et l\u2019action dans le monde.\u00a0\u00bb) Cette mission deviendra le th\u00e8me central de toute l\u2019action du New Warrior Network.<\/p>\n<h3><\/h3>\n<h3>L\u2019accomplissement : The Mankind Project \u2122<\/h3>\n<p><strong><\/strong><\/p>\n<p><strong>1998<\/strong>: Un nouveau pas est franchi pour continuer \u00e0 s\u2019adapter \u00e0 une soci\u00e9t\u00e9 en mutation, et changer le nom du New Warrior Network pour une d\u00e9nomination moins st\u00e9r\u00e9otyp\u00e9e. Le choix s\u2019est port\u00e9 \u00e0 l\u2019unanimit\u00e9 sur\u00a0: The Mankind Project \u2122.\u00a0<span style=\"font-size: 13px;\">L\u2019accent est alors \u00a0mis sur de nouvelles possibilit\u00e9s de d\u00e9veloppement, notamment \u00e0 travers le r\u00e9seau internet et l\u2019extension internationale du tissu associatif.<\/span><\/p>\n<h3><\/h3>\n<h3>La communaut\u00e9 belge<\/h3>\n<p>&nbsp;<\/p>\n<p><strong style=\"font-size: 13px;\">1995-2000<\/strong><span style=\"font-size: 13px;\">: Des Fran\u00e7ais traversent la Manche et l\u2019Atlantique pour faire leur initiation en anglais.<\/span><\/p>\n<p><strong>1999<\/strong>: Naissance de l\u2019association fran\u00e7aise &#8220;Homme Etc.&#8221;<\/p>\n<p><strong>Septembre 2001:<\/strong>\u00a0Premier week-end bilingue FR\/EN organis\u00e9 en Angleterre avec la participation de quinze Fran\u00e7ais.<\/p>\n<p><strong>Octobre 2002<\/strong>: Premier week-end organis\u00e9 en France.<\/p>\n<p><strong>2004<\/strong>: &#8220;Homme Etc.&#8221; devient\u00a0 &#8220;MKP Europe francophone (MKP EF)&#8221;.<\/p>\n<p><strong>2008<\/strong>: quatre week-ends sont organis\u00e9s en France par an.<\/p>\n<p><strong>Avril 2011<\/strong>: premi\u00e8re AING en Belgique<\/p>\n<p><strong>Septembte 2015<\/strong>: premi\u00e8re AING bilingue FR\/NL en Belgique<\/p>\n<p><strong>2016<\/strong>: cr\u00e9ation de l&#8217;asbl &#8220;MKP BE (ManKind Project Belgium)&#8221;<\/p>\n<p><strong style=\"font-size: 13px;\">2020<\/strong><span style=\"font-size: 13px;\">: quatre WE par an en Belgique et premi\u00e8re AING n\u00e9erlandophone<\/span><\/p>\n<p><span style=\"font-size: 13px;\">Depuis MKP EF est devenue MKP France suite \u00e0 l&#8217;autonomisation de MKP BE. MKP EF reste l\u2019association-m\u00e8re de MKP BE : \u00a0elle a d\u2019abord soutenu l\u2019organisation des premi\u00e8res AING en Belgique, puis a permis \u00e0 ses membres vivant en Belgique de prendre leur autonomie en facilitant la naissance de leur propre ASBL.\u00a0<\/span><span style=\"font-size: 13px;\">MKP BE b\u00e9nit le soutien ind\u00e9fectible de MKP France \u00e0 son \u00e9panouissement.<\/span><\/p>\n<\/div>\n<\/div>\n<\/div>\n<div id=\"pgc-132-0-1\" class=\"panel-grid-cell \" data-style=\"{\" padding=\"\" :=\"\" 12px=\"\" 0px=\"\" 24px=\"\" background_display=\"\" tile=\"\" vertical_alignment=\"\" auto=\"\" data-weight=\"0.38196600790794\">\n<div class=\"panel-cell-style panel-cell-style-for-132-0-1\">\n<div class=\"panel-widget-style\">\n<p>&nbsp;<\/p>\n<\/div>\n<\/div>\n<\/div>\n<p>[\/et_pb_text][\/et_pb_column][\/et_pb_row][\/et_pb_section]<\/p>\n","protected":false},"excerpt":{"rendered":"<p>Mankind Project Belgium &nbsp; Nous sommes des hommes, membres de \u201cThe ManKind Project Belgium\u201d, une association sans but lucratif, dont l\u2019objet principal est le d\u00e9veloppement du leadership, de l\u2019intelligence \u00e9motionnelle et de l\u2019int\u00e9grit\u00e9. L&#8217;association a pour but de contribuer \u00e0 cr\u00e9er un monde fraternel et solidaire en vivant ses valeurs: responsabilit\u00e9, int\u00e9grit\u00e9, leadership et travail [&hellip;]<\/p>\n","protected":false},"author":12,"featured_media":0,"parent":0,"menu_order":0,"comment_status":"closed","ping_status":"open","template":"","meta":{"_et_pb_use_builder":"on","_et_pb_old_content":"<h2>About Mankind Project Belgium<\/h2>\r\n\r\nNous sommes des hommes, membres de \u201cThe ManKind Project Belgium\u201d, une association sans but lucratif, dont l\u2019objet principal est le d\u00e9veloppement du leadership, de l\u2019intelligence \u00e9motionnelle et de l\u2019int\u00e9grit\u00e9.<\/p>\r\n<p dir=\"ltr\">L'association a pour but de contribuer \u00e0 cr\u00e9er un monde fraternel et solidaire en vivant ses valeurs: responsabilit\u00e9, int\u00e9grit\u00e9, leadership et travail personnel, authenticit\u00e9 et de connexion aux\u00a0autres.<\/p>\r\n<p dir=\"ltr\">Au centre de l'activit\u00e9 du MKP se trouve l'Aventure initiatique du Nouveau Guerrier (AING). Ce stage est accessible \u00e0 tout homme qui souhaite en apprendre plus sur lui-m\u00eame et explorer \u00e0 cette fin ses propres limites. Dans le monde, plus de 55'000 hommes ont v\u00e9cu cette aventure.<\/p>\r\n\r\n<h2>Venez nous rencontrer !<\/h2>\r\n\r\nNous organisons apr\u00e8s chaque week-end d\u2019Aventure Initiatique du Nouveau Guerrier une r\u00e9union o\u00f9 vous pourrez rencontrer les hommes venant d\u2019y participer et \u00e9couter leur t\u00e9moignage. Cette rencontre est ouverte \u00e0 tous et chacun a la possibilit\u00e9 de s\u2019exprimer. (Lien vers l'agenda)\r\n\r\nVous \u00eates les bienvenus!\r\n\r\n\u00a0","_et_gb_content_width":"","footnotes":""},"simple-restrict-permission":[],"class_list":["post-2","page","type-page","status-publish","hentry"],"_links":{"self":[{"href":"https:\/\/mkpbelgium.org\/fr\/wp-json\/wp\/v2\/pages\/2","targetHints":{"allow":["GET"]}}],"collection":[{"href":"https:\/\/mkpbelgium.org\/fr\/wp-json\/wp\/v2\/pages"}],"about":[{"href":"https:\/\/mkpbelgium.org\/fr\/wp-json\/wp\/v2\/types\/page"}],"author":[{"embeddable":true,"href":"https:\/\/mkpbelgium.org\/fr\/wp-json\/wp\/v2\/users\/12"}],"replies":[{"embeddable":true,"href":"https:\/\/mkpbelgium.org\/fr\/wp-json\/wp\/v2\/comments?post=2"}],"version-history":[{"count":0,"href":"https:\/\/mkpbelgium.org\/fr\/wp-json\/wp\/v2\/pages\/2\/revisions"}],"wp:attachment":[{"href":"https:\/\/mkpbelgium.org\/fr\/wp-json\/wp\/v2\/media?parent=2"}],"wp:term":[{"taxonomy":"simple-restrict-permission","embeddable":true,"href":"https:\/\/mkpbelgium.org\/fr\/wp-json\/wp\/v2\/simple-restrict-permission?post=2"}],"curies":[{"name":"wp","href":"https:\/\/api.w.org\/{rel}","templated":true}]}}