{"id":147,"date":"2018-01-27T12:03:54","date_gmt":"2018-01-27T11:03:54","guid":{"rendered":"http:\/\/mkpbelgium.org\/?page_id=147"},"modified":"2023-12-31T17:15:01","modified_gmt":"2023-12-31T16:15:01","slug":"ethique","status":"publish","type":"page","link":"https:\/\/mkpbelgium.org\/fr\/ethique\/","title":{"rendered":"Ethique"},"content":{"rendered":"<h2>Ethique<\/h2>\n<p><strong>Tout membre de MKP s&#8217;engage \u00e0 respecter les r\u00e8gles \u00e9thiques suivantes:<\/strong><\/p>\n<h3>R\u00e8gles pour des relations \u00e9thiques<\/h3>\n<p>Ces r\u00e8gles pour des relations \u00e9thiques proviennent des valeurs principales du ManKind Project International : responsabilit\u00e9 (accomptabilit\u00e9), authenticit\u00e9, compassion, g\u00e9n\u00e9rosit\u00e9, int\u00e9grit\u00e9, leadership, conscience multiculturelle, et respect. Je consens \u00e0 int\u00e9grer ces valeurs dans ma vie en honorant l\u2019intention de ce document.<\/p>\n<p>JE N\u2019EXPLOITERAI PAS LA VULNERABILITE D\u2019UNE AUTRE PERSONNE.<\/p>\n<p>Ce qui veut dire:<\/p>\n<ul>\n<li>Je reconnais qu\u2019une relation peut \u00eatre exploitante lorsque je profite de ma position ou exp\u00e9rience au sein du ManKind Project International pour influencer quelqu\u2019un d\u2019autre pour mon b\u00e9n\u00e9fice, particuli\u00e8rement si je sais que cette personne est vuln\u00e9rable \u00e0 ce moment-l\u00e0. Je comprends que cette exploitation peut avoir lieu n\u2019importe quand, et qu\u2019une personne peut \u00eatre plus vuln\u00e9rable \u00e0 cette exploitation peu apr\u00e8s l\u2019initiation.<\/li>\n<li>En tant que membre du ManKind Project International je m\u2019engage \u00e0 ne pas participer \u00e0 une relation financi\u00e8re, professionnelle, th\u00e9rapeutique ou sexuelle qu\u2019une personne raisonnable consid\u00e9rerait comme de l\u2019exploitation.<\/li>\n<li>Si, \u00e0 n\u2019importe quel moment, je juge que mes actes risquent d\u2019exploiter la vuln\u00e9rabilit\u00e9 d\u2019un homme, ou si j\u2019ai \u00e9t\u00e9 confront\u00e9 \u00e0 propos de mon comportement, je consulterai ceux en qui j\u2019ai confiance pour confronter ces comportements et mes motivations sous-jacentes.<\/li>\n<li>Je suis responsable (accomptable) de mes actes et j\u2019accepte d\u2019\u00eatre tenu responsable (accomptable) par ma communaut\u00e9 et le ManKind Project International. Si je crois qu\u2019un homme exploite la vuln\u00e9rabilit\u00e9 d\u2019un autre homme, je l\u2019en tiendrai responsable (accomptable).<\/li>\n<li>Si apr\u00e8s une proc\u00e9dure de revue par les pairs, je suis jug\u00e9 comme ayant exploit\u00e9 la vuln\u00e9rabilit\u00e9 d\u2019un autre homme, je comprends que les actions appropri\u00e9es seront engag\u00e9es au sein de la communaut\u00e9 et du ManKind Project International.<\/li>\n<li>Comme membre du ManKind Project International, j\u2019accepte de me conformer \u00e0 ce document.<\/li>\n<\/ul>\n","protected":false},"excerpt":{"rendered":"<p>Ethique Tout membre de MKP s&#8217;engage \u00e0 respecter les r\u00e8gles \u00e9thiques suivantes: R\u00e8gles pour des relations \u00e9thiques Ces r\u00e8gles pour des relations \u00e9thiques proviennent des valeurs principales du ManKind Project International : responsabilit\u00e9 (accomptabilit\u00e9), authenticit\u00e9, compassion, g\u00e9n\u00e9rosit\u00e9, int\u00e9grit\u00e9, leadership, conscience multiculturelle, et respect. Je consens \u00e0 int\u00e9grer ces valeurs dans ma vie en honorant l\u2019intention [&hellip;]<\/p>\n","protected":false},"author":12,"featured_media":0,"parent":0,"menu_order":0,"comment_status":"closed","ping_status":"closed","template":"","meta":{"_et_pb_use_builder":"off","_et_pb_old_content":"","_et_gb_content_width":"","footnotes":""},"simple-restrict-permission":[],"class_list":["post-147","page","type-page","status-publish","hentry"],"_links":{"self":[{"href":"https:\/\/mkpbelgium.org\/fr\/wp-json\/wp\/v2\/pages\/147","targetHints":{"allow":["GET"]}}],"collection":[{"href":"https:\/\/mkpbelgium.org\/fr\/wp-json\/wp\/v2\/pages"}],"about":[{"href":"https:\/\/mkpbelgium.org\/fr\/wp-json\/wp\/v2\/types\/page"}],"author":[{"embeddable":true,"href":"https:\/\/mkpbelgium.org\/fr\/wp-json\/wp\/v2\/users\/12"}],"replies":[{"embeddable":true,"href":"https:\/\/mkpbelgium.org\/fr\/wp-json\/wp\/v2\/comments?post=147"}],"version-history":[{"count":2,"href":"https:\/\/mkpbelgium.org\/fr\/wp-json\/wp\/v2\/pages\/147\/revisions"}],"predecessor-version":[{"id":7614,"href":"https:\/\/mkpbelgium.org\/fr\/wp-json\/wp\/v2\/pages\/147\/revisions\/7614"}],"wp:attachment":[{"href":"https:\/\/mkpbelgium.org\/fr\/wp-json\/wp\/v2\/media?parent=147"}],"wp:term":[{"taxonomy":"simple-restrict-permission","embeddable":true,"href":"https:\/\/mkpbelgium.org\/fr\/wp-json\/wp\/v2\/simple-restrict-permission?post=147"}],"curies":[{"name":"wp","href":"https:\/\/api.w.org\/{rel}","templated":true}]}}